{"id":100,"date":"2012-02-03T19:36:02","date_gmt":"2012-02-03T19:36:02","guid":{"rendered":"http:\/\/www.circo212.org.mx\/circo2\/?page_id=100"},"modified":"2016-03-11T13:19:15","modified_gmt":"2016-03-11T18:19:15","slug":"contacto","status":"publish","type":"page","link":"https:\/\/circo212.org.mx\/circo2\/?page_id=100","title":{"rendered":"Contacto"},"content":{"rendered":"<h2>Circo 2.12<\/h2>\n<p><strong>Directora General:\u00a0<\/strong>Paula Astorga Riestra \/ <span style=\"color: #0066cc;\">paula@circo212.org.mx<\/span><\/p>\n<p><strong>Director multimedia:\u00a0<\/strong>Arvin Avil\u00e9s Pallares \/ <span style=\"color: #0066cc;\">arvin@circo212.org.mx<\/span><\/p>\n<p><b>Directora de Dise\u00f1o:\u00a0<\/b>Denia Nieto \/ <span style=\"color: #0066cc;\">denia@circo212.org.mx<\/span><\/p>\n<p><strong>La Linterna M\u00e1gica:<\/strong> <span style=\"color: #0066cc;\">linternamagica@circo212.org.mx<\/span><\/p>\n<p><strong>Tel.<\/strong>\u00a052 07 51 52<\/p>\n<p><strong>Direcci\u00f3n:\u00a0<\/strong><em>Vizcainoco 58, Chimalistac, \u00c1lvaro Obreg\u00f3n, 01070, Ciudad de M\u00e9xico, D.F.<\/em><\/p>\n<p><iframe loading=\"lazy\" src=\"https:\/\/mapsengine.google.com\/map\/embed?mid=zq5fJeYP8kug.kLkJbqmaYvko\" width=\"640\" height=\"480\"><\/iframe><\/p>\n<p>&nbsp;<\/p>\n<p>Si tienes alguna duda o sugerencia, favor de escribir aqu\u00ed:<\/p>\n","protected":false},"excerpt":{"rendered":"<p>Circo 2.12 Directora General:\u00a0Paula Astorga Riestra \/ paula@circo212.org.mx Director multimedia:\u00a0Arvin Avil\u00e9s Pallares \/ arvin@circo212.org.mx Directora de Dise\u00f1o:\u00a0Denia Nieto \/ denia@circo212.org.mx La Linterna M\u00e1gica: linternamagica@circo212.org.mx Tel.\u00a052 07 51 52 Direcci\u00f3n:\u00a0Vizcainoco 58, Chimalistac, \u00c1lvaro Obreg\u00f3n, 01070, Ciudad de M\u00e9xico, D.F. &nbsp; Si tienes alguna duda o sugerencia, favor de escribir aqu\u00ed:<\/p>\n","protected":false},"author":1,"featured_media":0,"parent":0,"menu_order":0,"comment_status":"open","ping_status":"open","template":"page-contact.php","meta":{"jetpack_post_was_ever_published":false,"footnotes":""},"class_list":["post-100","page","type-page","status-publish","hentry"],"aioseo_notices":[],"jetpack_sharing_enabled":true,"jetpack_shortlink":"https:\/\/wp.me\/P3e33F-1C","_links":{"self":[{"href":"https:\/\/circo212.org.mx\/circo2\/index.php?rest_route=\/wp\/v2\/pages\/100","targetHints":{"allow":["GET"]}}],"collection":[{"href":"https:\/\/circo212.org.mx\/circo2\/index.php?rest_route=\/wp\/v2\/pages"}],"about":[{"href":"https:\/\/circo212.org.mx\/circo2\/index.php?rest_route=\/wp\/v2\/types\/page"}],"author":[{"embeddable":true,"href":"https:\/\/circo212.org.mx\/circo2\/index.php?rest_route=\/wp\/v2\/users\/1"}],"replies":[{"embeddable":true,"href":"https:\/\/circo212.org.mx\/circo2\/index.php?rest_route=%2Fwp%2Fv2%2Fcomments&post=100"}],"version-history":[{"count":16,"href":"https:\/\/circo212.org.mx\/circo2\/index.php?rest_route=\/wp\/v2\/pages\/100\/revisions"}],"predecessor-version":[{"id":3901,"href":"https:\/\/circo212.org.mx\/circo2\/index.php?rest_route=\/wp\/v2\/pages\/100\/revisions\/3901"}],"wp:attachment":[{"href":"https:\/\/circo212.org.mx\/circo2\/index.php?rest_route=%2Fwp%2Fv2%2Fmedia&parent=100"}],"curies":[{"name":"wp","href":"https:\/\/api.w.org\/{rel}","templated":true}]}}