{"id":1093,"date":"2013-03-17T20:25:19","date_gmt":"2013-03-18T01:25:19","guid":{"rendered":"http:\/\/www.circo212.org.mx\/circo2\/?page_id=1093"},"modified":"2025-04-21T12:28:35","modified_gmt":"2025-04-21T18:28:35","slug":"carlos-francisco-lopez-ocampo-semblanza","status":"publish","type":"page","link":"https:\/\/circo212.org.mx\/circo2\/?page_id=1093","title":{"rendered":"Carlos Francisco L\u00f3pez Ocampo (Semblanza)"},"content":{"rendered":"<p lang=\"es-MX\" align=\"JUSTIFY\"><span style=\"font-family: Arial, sans-serif;\">Maestro en filosof\u00eda por la UNAM. Sus \u00e1reas de investigaci\u00f3n son la est\u00e9tica y la pol\u00edtica. Colaborador de la revista electr\u00f3nica F.I.L.M.E. Magazine, ha impartido cursos y seminarios sobre Ingmar Bergman, Andr\u00e9i Tarkovski, Werner Herzog, entre otros. Especialista en filosof\u00eda francesa contempor\u00e1nea, es tambi\u00e9n traductor profesional del franc\u00e9s.\u00a0<\/span><\/p>\n\n\n<p><\/p>\n","protected":false},"excerpt":{"rendered":"<p>Maestro en filosof\u00eda por la UNAM. Sus \u00e1reas de investigaci\u00f3n son la est\u00e9tica y la pol\u00edtica. Colaborador de la revista electr\u00f3nica F.I.L.M.E. Magazine, ha impartido cursos y seminarios sobre Ingmar Bergman, Andr\u00e9i Tarkovski, Werner Herzog, entre otros. Especialista en filosof\u00eda francesa contempor\u00e1nea, es tambi\u00e9n traductor profesional del franc\u00e9s.\u00a0<\/p>\n","protected":false},"author":1,"featured_media":0,"parent":0,"menu_order":0,"comment_status":"open","ping_status":"open","template":"page-sidebar-right.php","meta":{"jetpack_post_was_ever_published":false,"footnotes":""},"class_list":["post-1093","page","type-page","status-publish","hentry"],"aioseo_notices":[],"jetpack_sharing_enabled":true,"jetpack_shortlink":"https:\/\/wp.me\/P3e33F-hD","_links":{"self":[{"href":"https:\/\/circo212.org.mx\/circo2\/index.php?rest_route=\/wp\/v2\/pages\/1093","targetHints":{"allow":["GET"]}}],"collection":[{"href":"https:\/\/circo212.org.mx\/circo2\/index.php?rest_route=\/wp\/v2\/pages"}],"about":[{"href":"https:\/\/circo212.org.mx\/circo2\/index.php?rest_route=\/wp\/v2\/types\/page"}],"author":[{"embeddable":true,"href":"https:\/\/circo212.org.mx\/circo2\/index.php?rest_route=\/wp\/v2\/users\/1"}],"replies":[{"embeddable":true,"href":"https:\/\/circo212.org.mx\/circo2\/index.php?rest_route=%2Fwp%2Fv2%2Fcomments&post=1093"}],"version-history":[{"count":2,"href":"https:\/\/circo212.org.mx\/circo2\/index.php?rest_route=\/wp\/v2\/pages\/1093\/revisions"}],"predecessor-version":[{"id":4077,"href":"https:\/\/circo212.org.mx\/circo2\/index.php?rest_route=\/wp\/v2\/pages\/1093\/revisions\/4077"}],"wp:attachment":[{"href":"https:\/\/circo212.org.mx\/circo2\/index.php?rest_route=%2Fwp%2Fv2%2Fmedia&parent=1093"}],"curies":[{"name":"wp","href":"https:\/\/api.w.org\/{rel}","templated":true}]}}