{"id":1094,"date":"2013-03-17T20:22:14","date_gmt":"2013-03-18T01:22:14","guid":{"rendered":"http:\/\/www.circo212.org.mx\/circo2\/?page_id=1094"},"modified":"2013-06-20T15:58:49","modified_gmt":"2013-06-20T20:58:49","slug":"seminario-hitchcock-lacan-y-el-sintoma-cinematografico","status":"publish","type":"page","link":"https:\/\/circo212.org.mx\/circo2\/?page_id=1094","title":{"rendered":"Seminario Hitchcock, Lacan y el s\u00edntoma cinematogr\u00e1fico"},"content":{"rendered":"<p lang=\"es-MX\" align=\"JUSTIFY\"><div class=\"one-half\">\n<p>\u00a0<a href=\"http:\/\/www.circo212.org.mx\/circo2\/wp-content\/uploads\/2013\/03\/LacanHitchcock_SintomaCinematogfrafico.jpg\"><img loading=\"lazy\" decoding=\"async\" class=\"aligncenter size-medium wp-image-1096\" title=\"LacanHitchcock_SintomaCinematogfrafico\" alt=\"\" src=\"http:\/\/www.circo212.org.mx\/circo2\/wp-content\/uploads\/2013\/03\/LacanHitchcock_SintomaCinematogfrafico-300x300.jpg\" width=\"300\" height=\"300\" srcset=\"https:\/\/circo212.org.mx\/circo2\/wp-content\/uploads\/2013\/03\/LacanHitchcock_SintomaCinematogfrafico-300x300.jpg 300w, https:\/\/circo212.org.mx\/circo2\/wp-content\/uploads\/2013\/03\/LacanHitchcock_SintomaCinematogfrafico-150x150.jpg 150w, https:\/\/circo212.org.mx\/circo2\/wp-content\/uploads\/2013\/03\/LacanHitchcock_SintomaCinematogfrafico-1024x1024.jpg 1024w, https:\/\/circo212.org.mx\/circo2\/wp-content\/uploads\/2013\/03\/LacanHitchcock_SintomaCinematogfrafico.jpg 1272w\" sizes=\"auto, (max-width: 300px) 100vw, 300px\" \/><\/a><\/p>\n<\/div><\/p>\n<p><strong>Presentaci\u00f3n:<\/strong><\/p>\n<p style=\"text-align: justify;\">Recorrido cinematogr\u00e1fico de los conceptos centrales de Lacan desde la perspectiva filos\u00f3fica de Slavoj Zizek. Desde el pasaje oscuro del cinemat\u00f3grafo, hasta la expansi\u00f3n clara de la pantalla, Hollywood y la cultura popular ficcionan la realidad del \u201ctrauma de la voz\u201d, de la contienda entre imaginaci\u00f3n y realidad y, finalmente, del \u201cobscuro objeto de la posmodernidad\u201d. En cada una de nuestras sesiones aparecer\u00e1n la imagen y el texto filos\u00f3fico-psicoanal\u00edtico en completa sinergia para dinamizar el discurso lacaniano.<\/p>\n<p style=\"text-align: justify;\">El objetivo es llevar a los participantes a pensar visualmente los tres conceptos clave de Lacan (lo simb\u00f3lico, lo real y lo imaginario) desde las plataformas del deseo creadas por Hitchcock, aunque tambi\u00e9n se presentar\u00e1n las de Chaplin, Lynch, Kubrick y, por supuesto,\u00a0algunas de\u00a0manufactura trasatl\u00e1ntica.<\/p>\n<p>En cada una de las seis sesiones nos espera, por decirlo as\u00ed, una patolog\u00eda por exorcizar.<\/p>\n<p>Consulta el programa\u00a0<a href=\"http:\/\/www.circo212.org.mx\/circo2\/?page_id=1441\">AQU\u00cd<\/a><\/p>\n<p>**NOTA: Este seminario forma parte del diplomado\u00a0<strong>Actualidad Cr\u00edtica Cinematogr\u00e1fica\u00a0<\/strong>que consta de cinco m\u00f3dulos. Para m\u00e1s informaci\u00f3n escribe a\u00a0<em>gaby@circo212.org.mx<\/em><\/p>\n<p><strong>Calendario:<\/strong>\u00a0d<span style=\"font-family: Arial, sans-serif;\">el 20 de junio al 25 de julio del 2013<\/span><\/p>\n<p><strong>D\u00edas:<\/strong>\u00a0 \u00a020, 27 de junio<\/p>\n<p>4, 11, 18 y 25 de julio<\/p>\n<p><strong>Horario:<\/strong>\u00a0jueves de 18:00 a 21: 00 hrs<\/p>\n<p><strong>Duraci\u00f3n:<\/strong>\u00a018 horas, 6 sesiones de 3 horas<\/p>\n<p><strong>Requisitos:\u00a0<\/strong>Inter\u00e9s en el tema<\/p>\n<p><strong>Imparte:<\/strong>\u00a0<strong style=\"font-family: Arial, sans-serif;\">Carlos Francisco L\u00f3pez Ocampo\u00a0<\/strong><a title=\"Carlos Francisco L\u00f3pez Ocampo (Semblanza)\" href=\"http:\/\/www.circo212.org.mx\/circo2\/?page_id=1093\">(Conoce su semblanza AQU\u00cd)<\/a><\/p>\n<p><strong>Costo:\u00a0<\/strong>$1,950.00 pesos<\/p>\n<p><strong><strong>*\u00a0<\/strong>Cupo limitado a 20 personas<\/strong><\/p>\n<p><strong>Para m\u00e1s informaci\u00f3n:<\/strong><\/p>\n<p>Tel.\u00a0<em>52 56 31 67<\/em><\/p>\n<p>Mail.\u00a0<em>info@circo212.org.mx\u00a0&#8211; gaby@circo212.org.mx<\/em><\/p>\n<p>o llena este formato para informaci\u00f3n<\/p>\n\n<div class=\"wpcf7 no-js\" id=\"wpcf7-f932-o1\" lang=\"\" dir=\"ltr\" data-wpcf7-id=\"932\">\n<div class=\"screen-reader-response\"><p role=\"status\" aria-live=\"polite\" aria-atomic=\"true\"><\/p> <ul><\/ul><\/div>\n<form action=\"\/circo2\/index.php?rest_route=%2Fwp%2Fv2%2Fpages%2F1094#wpcf7-f932-o1\" method=\"post\" class=\"wpcf7-form init\" aria-label=\"Formulario de contacto\" novalidate=\"novalidate\" data-status=\"init\">\n<div style=\"display: none;\">\n<input type=\"hidden\" name=\"_wpcf7\" value=\"932\" \/>\n<input type=\"hidden\" name=\"_wpcf7_version\" value=\"6.0.6\" \/>\n<input type=\"hidden\" name=\"_wpcf7_locale\" value=\"\" \/>\n<input type=\"hidden\" name=\"_wpcf7_unit_tag\" value=\"wpcf7-f932-o1\" \/>\n<input type=\"hidden\" name=\"_wpcf7_container_post\" value=\"0\" \/>\n<input type=\"hidden\" name=\"_wpcf7_posted_data_hash\" value=\"\" \/>\n<\/div>\n<p>Tu nombre\n<\/p>\n<p><span class=\"wpcf7-form-control-wrap\" data-name=\"your-name\"><input size=\"40\" maxlength=\"400\" class=\"wpcf7-form-control wpcf7-text wpcf7-validates-as-required\" aria-required=\"true\" aria-invalid=\"false\" value=\"\" type=\"text\" name=\"your-name\" \/><\/span>\n<\/p>\n<p>Tu Email\n<\/p>\n<p><span class=\"wpcf7-form-control-wrap\" data-name=\"your-email\"><input size=\"40\" maxlength=\"400\" class=\"wpcf7-form-control wpcf7-email wpcf7-validates-as-required wpcf7-text wpcf7-validates-as-email\" aria-required=\"true\" aria-invalid=\"false\" value=\"\" type=\"email\" name=\"your-email\" \/><\/span>\n<\/p>\n<p>Asunto\n<\/p>\n<p><span class=\"wpcf7-form-control-wrap\" data-name=\"your-subject\"><input size=\"40\" maxlength=\"400\" class=\"wpcf7-form-control wpcf7-text\" aria-invalid=\"false\" value=\"\" type=\"text\" name=\"your-subject\" \/><\/span>\n<\/p>\n<p>Tu Mensaje\n<\/p>\n<p><span class=\"wpcf7-form-control-wrap\" data-name=\"your-message\"><textarea cols=\"40\" rows=\"10\" maxlength=\"2000\" class=\"wpcf7-form-control wpcf7-textarea\" aria-invalid=\"false\" name=\"your-message\"><\/textarea><\/span>\n<\/p>\n<p><input class=\"wpcf7-form-control wpcf7-submit has-spinner\" type=\"submit\" value=\"Enviar\" \/>\n<\/p><p style=\"display: none !important;\" class=\"akismet-fields-container\" data-prefix=\"_wpcf7_ak_\"><label>&#916;<textarea name=\"_wpcf7_ak_hp_textarea\" cols=\"45\" rows=\"8\" maxlength=\"100\"><\/textarea><\/label><input type=\"hidden\" id=\"ak_js_1\" name=\"_wpcf7_ak_js\" value=\"76\"\/><script>document.getElementById( \"ak_js_1\" ).setAttribute( \"value\", ( new Date() ).getTime() );<\/script><\/p><div class=\"wpcf7-response-output\" aria-hidden=\"true\"><\/div>\n<\/form>\n<\/div>\n\n","protected":false},"excerpt":{"rendered":"<p>Presentaci\u00f3n: Recorrido cinematogr\u00e1fico de los conceptos centrales de Lacan desde la perspectiva filos\u00f3fica de Slavoj Zizek. Desde el pasaje oscuro del cinemat\u00f3grafo, hasta la expansi\u00f3n clara de la pantalla, Hollywood y la cultura popular ficcionan la realidad del \u201ctrauma de la voz\u201d, de la contienda entre imaginaci\u00f3n y realidad y, finalmente, del \u201cobscuro objeto de [&hellip;]<\/p>\n","protected":false},"author":1,"featured_media":0,"parent":0,"menu_order":0,"comment_status":"open","ping_status":"open","template":"page-sidebar-right.php","meta":{"jetpack_post_was_ever_published":false,"footnotes":""},"class_list":["post-1094","page","type-page","status-publish","hentry"],"aioseo_notices":[],"jetpack_sharing_enabled":true,"jetpack_shortlink":"https:\/\/wp.me\/P3e33F-hE","_links":{"self":[{"href":"https:\/\/circo212.org.mx\/circo2\/index.php?rest_route=\/wp\/v2\/pages\/1094","targetHints":{"allow":["GET"]}}],"collection":[{"href":"https:\/\/circo212.org.mx\/circo2\/index.php?rest_route=\/wp\/v2\/pages"}],"about":[{"href":"https:\/\/circo212.org.mx\/circo2\/index.php?rest_route=\/wp\/v2\/types\/page"}],"author":[{"embeddable":true,"href":"https:\/\/circo212.org.mx\/circo2\/index.php?rest_route=\/wp\/v2\/users\/1"}],"replies":[{"embeddable":true,"href":"https:\/\/circo212.org.mx\/circo2\/index.php?rest_route=%2Fwp%2Fv2%2Fcomments&post=1094"}],"version-history":[{"count":7,"href":"https:\/\/circo212.org.mx\/circo2\/index.php?rest_route=\/wp\/v2\/pages\/1094\/revisions"}],"predecessor-version":[{"id":1095,"href":"https:\/\/circo212.org.mx\/circo2\/index.php?rest_route=\/wp\/v2\/pages\/1094\/revisions\/1095"}],"wp:attachment":[{"href":"https:\/\/circo212.org.mx\/circo2\/index.php?rest_route=%2Fwp%2Fv2%2Fmedia&parent=1094"}],"curies":[{"name":"wp","href":"https:\/\/api.w.org\/{rel}","templated":true}]}}