{"id":1179,"date":"2013-04-18T19:56:42","date_gmt":"2013-04-19T00:56:42","guid":{"rendered":"http:\/\/www.circo212.org.mx\/circo2\/?page_id=1179"},"modified":"2013-06-28T12:19:49","modified_gmt":"2013-06-28T17:19:49","slug":"curso-terror-azteca-entre-momias-costalazos-y-vampiros","status":"publish","type":"page","link":"https:\/\/circo212.org.mx\/circo2\/?page_id=1179","title":{"rendered":"Leyendas Macabras. Cr\u00f3nica del cine de terror mexicano"},"content":{"rendered":"<div class=\"one-half\">\n<p><a href=\"http:\/\/www.circo212.org.mx\/circo2\/wp-content\/uploads\/2013\/03\/mujeres-vampiro-dos.jpg\"><img loading=\"lazy\" decoding=\"async\" class=\"alignnone size-medium wp-image-1418\" alt=\"mujeres vampiro dos\" src=\"http:\/\/www.circo212.org.mx\/circo2\/wp-content\/uploads\/2013\/03\/mujeres-vampiro-dos-300x225.jpg\" width=\"300\" height=\"225\" srcset=\"https:\/\/circo212.org.mx\/circo2\/wp-content\/uploads\/2013\/03\/mujeres-vampiro-dos-300x225.jpg 300w, https:\/\/circo212.org.mx\/circo2\/wp-content\/uploads\/2013\/03\/mujeres-vampiro-dos.jpg 350w\" sizes=\"auto, (max-width: 300px) 100vw, 300px\" \/><\/a><\/p>\n<\/div>\n<p><strong>Presentaci\u00f3n:<\/strong><\/p>\n<p align=\"JUSTIFY\">El cine fant\u00e1stico en M\u00e9xico se ha desarrollado a trompicones. G\u00e9neros como la ciencia ficci\u00f3n, la comedia negra y principalmente el terror se han visto opacados al interior de una industria que permanentemente parece no s\u00f3lo negarlos, sino tambi\u00e9n obstaculizarlos en su desarrollo.<\/p>\n<p align=\"JUSTIFY\">No obstante, en todas las d\u00e9cadas han surgidos cineastas que han desarrollado gran parte de su carrera \u2013o su totalidad\u2013, dentro de las constantes del cine fant\u00e1stico, haciendo del cine de terror mexicano su principal estandarte y otorg\u00e1ndole se\u00f1as de identidad que ahora, en pleno siglo XXI cuando el redescubrimiento de las cinematograf\u00edas perif\u00e9ricas est\u00e1 en boga, lo colocan en el gusto de fan\u00e1ticos no s\u00f3lo nacionales, sino tambi\u00e9n m\u00e1s all\u00e1 de nuestras fronteras.<\/p>\n<p align=\"JUSTIFY\">Nuevas generaciones de cin\u00e9filos, muy alejados ya de los prejuicios de anta\u00f1o, se acercan sin remilgo tanto a las obras cl\u00e1sicas de la cinematograf\u00eda universal, como a estas genuinas muestras del cine netamente popular, por lo que su estudio formal se hace ya necesario.<\/p>\n<p align=\"JUSTIFY\"><span style=\"font-family: Arial, sans-serif;\">Consulta el Temario <a href=\"http:\/\/www.circo212.org.mx\/circo2\/?page_id=1430\">AQU\u00cd\u00a0<\/a><\/span><\/p>\n<p style=\"text-align: justify;\"><strong>Calendario<\/strong>: 22 al 25 de julio<\/p>\n<p style=\"text-align: justify;\"><strong>Horario:<\/strong> 18.00 &#8211; 21.00 hrs.<\/p>\n<p style=\"text-align: justify;\"><strong>Duraci\u00f3n<\/strong>: 5 sesiones de 3 horas.<\/p>\n<p style=\"text-align: justify;\"><strong>Imparte:<\/strong> Jos\u00e9 Luis Ortega Torres (<a title=\"Jos\u00e9 Luis Ortega Torres (Semblanza)\" href=\"http:\/\/www.circo212.org.mx\/circo2\/?page_id=1184\">Conoce su semblanza AQU\u00cd<\/a>)<\/p>\n<p style=\"text-align: justify;\"><strong>Costo<\/strong>: $1,300<\/p>\n<p><strong>Para m\u00e1s informaci\u00f3n:<\/strong><\/p>\n<p>Tel.\u00a0<em>52 56 31 67<\/em><\/p>\n<p>Mail.\u00a0<em>info@circo212.org.mx\u00a0&#8211; gaby@circo212.org.mx<\/em><\/p>\n<p>o si lo prefieres llena este formato<\/p>\n\n<div class=\"wpcf7 no-js\" id=\"wpcf7-f932-o1\" lang=\"\" dir=\"ltr\" data-wpcf7-id=\"932\">\n<div class=\"screen-reader-response\"><p role=\"status\" aria-live=\"polite\" aria-atomic=\"true\"><\/p> <ul><\/ul><\/div>\n<form action=\"\/circo2\/index.php?rest_route=%2Fwp%2Fv2%2Fpages%2F1179#wpcf7-f932-o1\" method=\"post\" class=\"wpcf7-form init\" aria-label=\"Formulario de contacto\" novalidate=\"novalidate\" data-status=\"init\">\n<div style=\"display: none;\">\n<input type=\"hidden\" name=\"_wpcf7\" value=\"932\" \/>\n<input type=\"hidden\" name=\"_wpcf7_version\" value=\"6.0.6\" \/>\n<input type=\"hidden\" name=\"_wpcf7_locale\" value=\"\" \/>\n<input type=\"hidden\" name=\"_wpcf7_unit_tag\" value=\"wpcf7-f932-o1\" \/>\n<input type=\"hidden\" name=\"_wpcf7_container_post\" value=\"0\" \/>\n<input type=\"hidden\" name=\"_wpcf7_posted_data_hash\" value=\"\" \/>\n<\/div>\n<p>Tu nombre\n<\/p>\n<p><span class=\"wpcf7-form-control-wrap\" data-name=\"your-name\"><input size=\"40\" maxlength=\"400\" class=\"wpcf7-form-control wpcf7-text wpcf7-validates-as-required\" aria-required=\"true\" aria-invalid=\"false\" value=\"\" type=\"text\" name=\"your-name\" \/><\/span>\n<\/p>\n<p>Tu Email\n<\/p>\n<p><span class=\"wpcf7-form-control-wrap\" data-name=\"your-email\"><input size=\"40\" maxlength=\"400\" class=\"wpcf7-form-control wpcf7-email wpcf7-validates-as-required wpcf7-text wpcf7-validates-as-email\" aria-required=\"true\" aria-invalid=\"false\" value=\"\" type=\"email\" name=\"your-email\" \/><\/span>\n<\/p>\n<p>Asunto\n<\/p>\n<p><span class=\"wpcf7-form-control-wrap\" data-name=\"your-subject\"><input size=\"40\" maxlength=\"400\" class=\"wpcf7-form-control wpcf7-text\" aria-invalid=\"false\" value=\"\" type=\"text\" name=\"your-subject\" \/><\/span>\n<\/p>\n<p>Tu Mensaje\n<\/p>\n<p><span class=\"wpcf7-form-control-wrap\" data-name=\"your-message\"><textarea cols=\"40\" rows=\"10\" maxlength=\"2000\" class=\"wpcf7-form-control wpcf7-textarea\" aria-invalid=\"false\" name=\"your-message\"><\/textarea><\/span>\n<\/p>\n<p><input class=\"wpcf7-form-control wpcf7-submit has-spinner\" type=\"submit\" value=\"Enviar\" \/>\n<\/p><p style=\"display: none !important;\" class=\"akismet-fields-container\" data-prefix=\"_wpcf7_ak_\"><label>&#916;<textarea name=\"_wpcf7_ak_hp_textarea\" cols=\"45\" rows=\"8\" maxlength=\"100\"><\/textarea><\/label><input type=\"hidden\" id=\"ak_js_1\" name=\"_wpcf7_ak_js\" value=\"109\"\/><script>document.getElementById( \"ak_js_1\" ).setAttribute( \"value\", ( new Date() ).getTime() );<\/script><\/p><div class=\"wpcf7-response-output\" aria-hidden=\"true\"><\/div>\n<\/form>\n<\/div>\n\n","protected":false},"excerpt":{"rendered":"<p>Presentaci\u00f3n: El cine fant\u00e1stico en M\u00e9xico se ha desarrollado a trompicones. G\u00e9neros como la ciencia ficci\u00f3n, la comedia negra y principalmente el terror se han visto opacados al interior de una industria que permanentemente parece no s\u00f3lo negarlos, sino tambi\u00e9n obstaculizarlos en su desarrollo. No obstante, en todas las d\u00e9cadas han surgidos cineastas que han [&hellip;]<\/p>\n","protected":false},"author":1,"featured_media":0,"parent":0,"menu_order":0,"comment_status":"open","ping_status":"open","template":"page-sidebar-right.php","meta":{"jetpack_post_was_ever_published":false,"footnotes":""},"class_list":["post-1179","page","type-page","status-publish","hentry"],"aioseo_notices":[],"jetpack_sharing_enabled":true,"jetpack_shortlink":"https:\/\/wp.me\/P3e33F-j1","_links":{"self":[{"href":"https:\/\/circo212.org.mx\/circo2\/index.php?rest_route=\/wp\/v2\/pages\/1179","targetHints":{"allow":["GET"]}}],"collection":[{"href":"https:\/\/circo212.org.mx\/circo2\/index.php?rest_route=\/wp\/v2\/pages"}],"about":[{"href":"https:\/\/circo212.org.mx\/circo2\/index.php?rest_route=\/wp\/v2\/types\/page"}],"author":[{"embeddable":true,"href":"https:\/\/circo212.org.mx\/circo2\/index.php?rest_route=\/wp\/v2\/users\/1"}],"replies":[{"embeddable":true,"href":"https:\/\/circo212.org.mx\/circo2\/index.php?rest_route=%2Fwp%2Fv2%2Fcomments&post=1179"}],"version-history":[{"count":15,"href":"https:\/\/circo212.org.mx\/circo2\/index.php?rest_route=\/wp\/v2\/pages\/1179\/revisions"}],"predecessor-version":[{"id":1216,"href":"https:\/\/circo212.org.mx\/circo2\/index.php?rest_route=\/wp\/v2\/pages\/1179\/revisions\/1216"}],"wp:attachment":[{"href":"https:\/\/circo212.org.mx\/circo2\/index.php?rest_route=%2Fwp%2Fv2%2Fmedia&parent=1179"}],"curies":[{"name":"wp","href":"https:\/\/api.w.org\/{rel}","templated":true}]}}