{"id":1321,"date":"2013-05-26T21:01:37","date_gmt":"2013-05-27T02:01:37","guid":{"rendered":"http:\/\/www.circo212.org.mx\/circo2\/?page_id=1321"},"modified":"2014-01-30T16:04:16","modified_gmt":"2014-01-30T21:04:16","slug":"historia-del-cine-mexicano","status":"publish","type":"page","link":"https:\/\/circo212.org.mx\/circo2\/?page_id=1321","title":{"rendered":"Historia del Cine Mexicano"},"content":{"rendered":"<p><a href=\"http:\/\/www.circo212.org.mx\/circo2\/wp-content\/uploads\/2013\/05\/histcinemex6.jpg\"><img loading=\"lazy\" decoding=\"async\" class=\"alignnone size-medium wp-image-2459\" alt=\"histcinemex6\" src=\"http:\/\/www.circo212.org.mx\/circo2\/wp-content\/uploads\/2013\/05\/histcinemex6-300x194.jpg\" width=\"300\" height=\"194\" srcset=\"https:\/\/circo212.org.mx\/circo2\/wp-content\/uploads\/2013\/05\/histcinemex6-300x194.jpg 300w, https:\/\/circo212.org.mx\/circo2\/wp-content\/uploads\/2013\/05\/histcinemex6-1024x663.jpg 1024w, https:\/\/circo212.org.mx\/circo2\/wp-content\/uploads\/2013\/05\/histcinemex6.jpg 1191w\" sizes=\"auto, (max-width: 300px) 100vw, 300px\" \/><\/a><\/p>\n<p><b>Presentaci\u00f3n: <\/b><\/p>\n<p style=\"text-align: justify;\">Las im\u00e1genes y los sonidos producidos por el cine mexicano a lo largo de su historia, forman parte de un imaginario que resulta pertinente conocer. La historia del cine mexicano es la historia de sus pel\u00edculas; pero tambi\u00e9n de sus creadores (directores, actores, cinefot\u00f3grafos, guionistas, productores, etc.), de sus organizaciones gremiales, de sus instituciones y compa\u00f1\u00edas productoras. El cruce de las disciplinas del pensamiento con las pasiones de la cinefilia, nos permite reconocer el cine nacional como participe constructor de una est\u00e9tica de lo nacional, que no siempre se refiere a un solo tipo de identidad mexicana. Creemos que es pertinente pensar el cine mexicano desde las humanidades (la literatura, el arte, la filosof\u00eda, la antropolog\u00eda); desde las ciencias sociales (pol\u00edtica, ideolog\u00eda, sociolog\u00eda); desde la econom\u00eda y las formas jur\u00eddicas. As\u00ed tambi\u00e9n, desde el lenguaje de los cuerpos, las voces, los rostros. Y, desde luego, desde sus estrategias narrativas. El cine mexicano se describe mediante la geograf\u00eda territorial, sus paisajes urbanos y rurales; asimismo mediante la construcci\u00f3n de sus tipos, estereotipos y arquetipos (los charros, los ind\u00edgenas, las prostitutas de buen coraz\u00f3n, las madres sufrientes, los machos mis\u00f3ginos, los h\u00e9roes populares, los pol\u00edticos, los pobres, los adinerados, la clase media, los oficios, los j\u00f3venes, los pelados, los c\u00f3micos, las ficheras, los l\u00e9peros, las encueratrices, etc.). La censura, las luchas sociales, la delincuencia, la arquitectura, la perspectiva de g\u00e9nero, la diversidad de preferencias sexuales, el Estado, el narcotr\u00e1fico, la violencia de todo tipo, la corrupci\u00f3n, los abusos del poder, la ecolog\u00eda, son otras tantas formas de las tem\u00e1ticas en las que se establece la relaci\u00f3n cine y sociedad. El cine mexicano ha dado cuenta de ello. Las salas de cine (los palacios gigantes de anta\u00f1o, los malls, los teatros y recintos culturales, carpas y tendajones, etc.) permiten otra posibilidad para acercarnos al entendimiento del fen\u00f3meno de la exhibici\u00f3n y el comportamiento y los rituales de los p\u00fablicos. La comprensi\u00f3n de la historia del cine mexicano se construye mediante el visionado de sus pel\u00edculas, en tensi\u00f3n cultural con el visionado de las pel\u00edculas del cine mundial. Cualquier pel\u00edcula mexicana que se ve por primera vez, no importa el a\u00f1o de su producci\u00f3n, es una nueva pel\u00edcula, incluso si se ve por segunda o tercera ocasi\u00f3n. La historia del cine mexicano es\u2026 son las historias del cine mexicano.<\/p>\n<p style=\"text-align: left;\" align=\"JUSTIFY\"><b>Dirigido a: <\/b>Cineastas, comunic\u00f3logos, periodistas, estudiantes, historiadores, literatos y todo aquel interesado en el s\u00e9ptimo arte.<\/p>\n<p style=\"text-align: left;\" align=\"JUSTIFY\"><strong>Calendario:\u00a0<\/strong>Del 1 de marzo al 29 de marzo<\/p>\n<p style=\"text-align: left;\" align=\"JUSTIFY\">S\u00e1bados de 10:00 a 13:00 hrs.<\/p>\n<p style=\"text-align: left;\" align=\"JUSTIFY\"><b>D\u00edas:\u00a0<\/b>1, 8, 15, 22 y 29 de marzo<\/p>\n<p style=\"text-align: left;\" align=\"JUSTIFY\"><strong>Duraci\u00f3n:\u00a0<\/strong>15 horas<b>,<\/b> 5 sesiones de 3 hrs.<\/p>\n<p style=\"text-align: left;\" align=\"JUSTIFY\"><strong>Imparte:\u00a0<\/strong>Ra\u00fal Miranda <a title=\"Ra\u00fal Miranda (Semblanza)\" href=\"http:\/\/www.circo212.org.mx\/circo2\/?page_id=1323\">(Conoce su semblanza AQU\u00cd)<\/a><\/p>\n<p style=\"text-align: left;\" align=\"JUSTIFY\"><strong>Costo:\u00a0<\/strong>$1,100<\/p>\n<p style=\"text-align: left;\" align=\"JUSTIFY\"><strong>Objetivo:<\/strong><\/p>\n<p style=\"text-align: justify;\">Conocer sus principales periodos,\u00a0 logros est\u00e9ticos, \u00a0pormenores socio-pol\u00edticos, personalidades creadoras y alcances dentro de la historia del cine mundial.<b><\/b><\/p>\n<p style=\"text-align: left;\" align=\"JUSTIFY\"><strong><a title=\"Historia del Cine Mexicano (Temario)\" href=\"http:\/\/www.circo212.org.mx\/circo2\/?page_id=1324\">CONSULTA EL TEMARIO AQU\u00cd<\/a><\/strong><\/p>\n<p>&nbsp;<\/p>\n<p><strong>Para m\u00e1s informaci\u00f3n:<\/strong><\/p>\n<p>Tel. 52 56 31 67 \/ 52 07 51 52<em><br \/>\n<\/em><\/p>\n<p>Mail. formacion@circo212.org.mx \/ tallerescirco212@gmail.com<\/p>\n<p style=\"text-align: left;\" align=\"JUSTIFY\"><strong>\u00a0<\/strong><\/p>\n<p>&nbsp;<\/p>\n","protected":false},"excerpt":{"rendered":"<p>Presentaci\u00f3n: Las im\u00e1genes y los sonidos producidos por el cine mexicano a lo largo de su historia, forman parte de un imaginario que resulta pertinente conocer. La historia del cine mexicano es la historia de sus pel\u00edculas; pero tambi\u00e9n de sus creadores (directores, actores, cinefot\u00f3grafos, guionistas, productores, etc.), de sus organizaciones gremiales, de sus instituciones [&hellip;]<\/p>\n","protected":false},"author":1,"featured_media":0,"parent":0,"menu_order":0,"comment_status":"open","ping_status":"open","template":"","meta":{"jetpack_post_was_ever_published":false,"footnotes":""},"class_list":["post-1321","page","type-page","status-publish","hentry"],"aioseo_notices":[],"jetpack_sharing_enabled":true,"jetpack_shortlink":"https:\/\/wp.me\/P3e33F-lj","_links":{"self":[{"href":"https:\/\/circo212.org.mx\/circo2\/index.php?rest_route=\/wp\/v2\/pages\/1321","targetHints":{"allow":["GET"]}}],"collection":[{"href":"https:\/\/circo212.org.mx\/circo2\/index.php?rest_route=\/wp\/v2\/pages"}],"about":[{"href":"https:\/\/circo212.org.mx\/circo2\/index.php?rest_route=\/wp\/v2\/types\/page"}],"author":[{"embeddable":true,"href":"https:\/\/circo212.org.mx\/circo2\/index.php?rest_route=\/wp\/v2\/users\/1"}],"replies":[{"embeddable":true,"href":"https:\/\/circo212.org.mx\/circo2\/index.php?rest_route=%2Fwp%2Fv2%2Fcomments&post=1321"}],"version-history":[{"count":15,"href":"https:\/\/circo212.org.mx\/circo2\/index.php?rest_route=\/wp\/v2\/pages\/1321\/revisions"}],"predecessor-version":[{"id":2562,"href":"https:\/\/circo212.org.mx\/circo2\/index.php?rest_route=\/wp\/v2\/pages\/1321\/revisions\/2562"}],"wp:attachment":[{"href":"https:\/\/circo212.org.mx\/circo2\/index.php?rest_route=%2Fwp%2Fv2%2Fmedia&parent=1321"}],"curies":[{"name":"wp","href":"https:\/\/api.w.org\/{rel}","templated":true}]}}