{"id":1323,"date":"2013-05-26T20:52:25","date_gmt":"2013-05-27T01:52:25","guid":{"rendered":"http:\/\/www.circo212.org.mx\/circo2\/?page_id=1323"},"modified":"2014-01-16T13:32:57","modified_gmt":"2014-01-16T18:32:57","slug":"raul-miranda","status":"publish","type":"page","link":"https:\/\/circo212.org.mx\/circo2\/?page_id=1323","title":{"rendered":"Ra\u00fal Miranda (Semblanza)"},"content":{"rendered":"<div class=\"one-third\">\n<p><img loading=\"lazy\" decoding=\"async\" class=\"size-medium wp-image-2455 aligncenter\" style=\"line-height: 1.5em;\" alt=\"14\" src=\"http:\/\/www.circo212.org.mx\/circo2\/wp-content\/uploads\/2013\/05\/14-300x200.jpg\" width=\"300\" height=\"200\" srcset=\"https:\/\/circo212.org.mx\/circo2\/wp-content\/uploads\/2013\/05\/14-300x200.jpg 300w, https:\/\/circo212.org.mx\/circo2\/wp-content\/uploads\/2013\/05\/14-1024x682.jpg 1024w\" sizes=\"auto, (max-width: 300px) 100vw, 300px\" \/><\/p>\n<p style=\"text-align: justify;\"><\/div>\n<p><strong>Ra\u00fal Miranda<\/strong><\/p>\n<p style=\"text-align: justify;\">Comunic\u00f3logo con intereses relacionados en el cine, tiene varias publicaciones como autor tales como \u201cDel quinto poder al s\u00e9ptimo arte: La producci\u00f3n f\u00edlmica de Televisa\u201d tambi\u00e9n ha participado en la elaboraci\u00f3n de publicaciones como \u201cMiradas al acervo\u201d, \u201cLa ficci\u00f3n de la historia: El siglo XIX en el cine mexicano\u201d, \u201cCine y Revoluci\u00f3n: La Revoluci\u00f3n Mexicana vista a trav\u00e9s del cine\u201d, \u201cPosibilidades del an\u00e1lisis cinematogr\u00e1fico\u201d, \u201cCine y Educaci\u00f3n: de la teor\u00eda a la pr\u00e1ctica\u201d.<\/p>\n<p style=\"text-align: justify;\">A la vez ha sido programador de cine en las dos principales televisoras culturales del pa\u00eds: <strong>Canal 11<\/strong> y <strong>Canal 22<\/strong>, se ha desempe\u00f1ado como guionista en televisoras del interior de la rep\u00fablica y ha curado ciclos program\u00e1ticos en diversos cineclubes.<\/p>\n<p style=\"text-align: justify;\">Ha participado como ponente en diversos foros y encuentros de cultura cinematogr\u00e1fica.<br \/>\n<strong>Actualmente es el Subdirector del Centro de Documentaci\u00f3n de Cineteca Nacional.<\/strong><\/p>\n<p><strong>\u00a0<\/strong><\/p>\n<p style=\"text-align: justify;\">\n","protected":false},"excerpt":{"rendered":"<p>Ra\u00fal Miranda Comunic\u00f3logo con intereses relacionados en el cine, tiene varias publicaciones como autor tales como \u201cDel quinto poder al s\u00e9ptimo arte: La producci\u00f3n f\u00edlmica de Televisa\u201d tambi\u00e9n ha participado en la elaboraci\u00f3n de publicaciones como \u201cMiradas al acervo\u201d, \u201cLa ficci\u00f3n de la historia: El siglo XIX en el cine mexicano\u201d, \u201cCine y Revoluci\u00f3n: La [&hellip;]<\/p>\n","protected":false},"author":1,"featured_media":0,"parent":0,"menu_order":0,"comment_status":"open","ping_status":"open","template":"","meta":{"jetpack_post_was_ever_published":false,"footnotes":""},"class_list":["post-1323","page","type-page","status-publish","hentry"],"aioseo_notices":[],"jetpack_sharing_enabled":true,"jetpack_shortlink":"https:\/\/wp.me\/P3e33F-ll","_links":{"self":[{"href":"https:\/\/circo212.org.mx\/circo2\/index.php?rest_route=\/wp\/v2\/pages\/1323","targetHints":{"allow":["GET"]}}],"collection":[{"href":"https:\/\/circo212.org.mx\/circo2\/index.php?rest_route=\/wp\/v2\/pages"}],"about":[{"href":"https:\/\/circo212.org.mx\/circo2\/index.php?rest_route=\/wp\/v2\/types\/page"}],"author":[{"embeddable":true,"href":"https:\/\/circo212.org.mx\/circo2\/index.php?rest_route=\/wp\/v2\/users\/1"}],"replies":[{"embeddable":true,"href":"https:\/\/circo212.org.mx\/circo2\/index.php?rest_route=%2Fwp%2Fv2%2Fcomments&post=1323"}],"version-history":[{"count":6,"href":"https:\/\/circo212.org.mx\/circo2\/index.php?rest_route=\/wp\/v2\/pages\/1323\/revisions"}],"predecessor-version":[{"id":2474,"href":"https:\/\/circo212.org.mx\/circo2\/index.php?rest_route=\/wp\/v2\/pages\/1323\/revisions\/2474"}],"wp:attachment":[{"href":"https:\/\/circo212.org.mx\/circo2\/index.php?rest_route=%2Fwp%2Fv2%2Fmedia&parent=1323"}],"curies":[{"name":"wp","href":"https:\/\/api.w.org\/{rel}","templated":true}]}}