{"id":1324,"date":"2013-05-26T21:01:13","date_gmt":"2013-05-27T02:01:13","guid":{"rendered":"http:\/\/www.circo212.org.mx\/circo2\/?page_id=1324"},"modified":"2014-01-15T18:56:03","modified_gmt":"2014-01-15T23:56:03","slug":"temario-historia-del-cine-mexicano","status":"publish","type":"page","link":"https:\/\/circo212.org.mx\/circo2\/?page_id=1324","title":{"rendered":"Historia del Cine Mexicano (Temario)"},"content":{"rendered":"<p>1. Periodo del cine mudo mexicano.<\/p>\n<p>2. La irrupci\u00f3n del cine sonoro mexicano.<\/p>\n<p>3. La obra mexicana de Eisenstein.<\/p>\n<p>4. Pel\u00edculas cr\u00edticas de la revoluci\u00f3n, regionalismos, folklore, comedias compuestas por sketches teatrales, melodramas terribles.<\/p>\n<p>5. Irrupci\u00f3n de creadores del imaginario f\u00edlmico: cinefot\u00f3grafos, escen\u00f3grafos, guionistas, conform\u00e1ndose en organizaciones sindicales.<\/p>\n<p>6.La historia f\u00edlmica de 1940 a 1959.<\/p>\n<p>7. El cine mexicano como contribuyente a la acumulaci\u00f3n de una est\u00e9tica: la cultura popular.<\/p>\n<p>8. Apoyo a los productores privados de cine.<\/p>\n<p>9.Cantinflas, David Silva, Fernando Soler y Pedro Infante.<\/p>\n<p>10. La industria cultural en M\u00e9xico.<\/p>\n<p>11. Los protag\u00f3nicos muestran sus atributos corporales y faciales.<\/p>\n<p>12. Los actores c\u00f3micos mezclan el teatro de variedades con el cine.<\/p>\n<p>13. Las rumberas.<\/p>\n<p>14. La \u00c9poca de Oro del cine mexicano.<\/p>\n<p>15. La historia f\u00edlmica de 1960 a 1979.<\/p>\n<p>16. La d\u00e9cada prodigiosa.<\/p>\n<p>17. La historia f\u00edlmica de 1980 a 2013.<\/p>\n<p>18. Las ficheras.<\/p>\n<p>19. El surgimiento del formato de video dom\u00e9stico.<\/p>\n<p>20. El cortometraje, el documental, el cine de animaci\u00f3n y el cine digital.<\/p>\n<p>21. Pel\u00edculas de cr\u00edtica social.<\/p>\n<p style=\"text-align: left;\"><strong>\u00a0<\/strong><\/p>\n<p>&nbsp;<\/p>\n","protected":false},"excerpt":{"rendered":"<p>1. Periodo del cine mudo mexicano. 2. La irrupci\u00f3n del cine sonoro mexicano. 3. La obra mexicana de Eisenstein. 4. Pel\u00edculas cr\u00edticas de la revoluci\u00f3n, regionalismos, folklore, comedias compuestas por sketches teatrales, melodramas terribles. 5. Irrupci\u00f3n de creadores del imaginario f\u00edlmico: cinefot\u00f3grafos, escen\u00f3grafos, guionistas, conform\u00e1ndose en organizaciones sindicales. 6.La historia f\u00edlmica de 1940 a 1959. [&hellip;]<\/p>\n","protected":false},"author":1,"featured_media":0,"parent":0,"menu_order":0,"comment_status":"open","ping_status":"open","template":"","meta":{"jetpack_post_was_ever_published":false,"footnotes":""},"class_list":["post-1324","page","type-page","status-publish","hentry"],"aioseo_notices":[],"jetpack_sharing_enabled":true,"jetpack_shortlink":"https:\/\/wp.me\/P3e33F-lm","_links":{"self":[{"href":"https:\/\/circo212.org.mx\/circo2\/index.php?rest_route=\/wp\/v2\/pages\/1324","targetHints":{"allow":["GET"]}}],"collection":[{"href":"https:\/\/circo212.org.mx\/circo2\/index.php?rest_route=\/wp\/v2\/pages"}],"about":[{"href":"https:\/\/circo212.org.mx\/circo2\/index.php?rest_route=\/wp\/v2\/types\/page"}],"author":[{"embeddable":true,"href":"https:\/\/circo212.org.mx\/circo2\/index.php?rest_route=\/wp\/v2\/users\/1"}],"replies":[{"embeddable":true,"href":"https:\/\/circo212.org.mx\/circo2\/index.php?rest_route=%2Fwp%2Fv2%2Fcomments&post=1324"}],"version-history":[{"count":3,"href":"https:\/\/circo212.org.mx\/circo2\/index.php?rest_route=\/wp\/v2\/pages\/1324\/revisions"}],"predecessor-version":[{"id":2462,"href":"https:\/\/circo212.org.mx\/circo2\/index.php?rest_route=\/wp\/v2\/pages\/1324\/revisions\/2462"}],"wp:attachment":[{"href":"https:\/\/circo212.org.mx\/circo2\/index.php?rest_route=%2Fwp%2Fv2%2Fmedia&parent=1324"}],"curies":[{"name":"wp","href":"https:\/\/api.w.org\/{rel}","templated":true}]}}