{"id":1430,"date":"2013-06-19T13:25:20","date_gmt":"2013-06-19T18:25:20","guid":{"rendered":"http:\/\/www.circo212.org.mx\/circo2\/?page_id=1430"},"modified":"2013-06-19T13:25:20","modified_gmt":"2013-06-19T18:25:20","slug":"temario-leyendas-macabras","status":"publish","type":"page","link":"https:\/\/circo212.org.mx\/circo2\/?page_id=1430","title":{"rendered":"Temario Leyendas Macabras"},"content":{"rendered":"<p style=\"text-align: center;\" align=\"CENTER\"><span style=\"font-family: Calibri, serif;\"><b>TEMARIO\u00a0<\/b><\/span><\/p>\n<p align=\"JUSTIFY\"><span style=\"font-family: Calibri, serif;\">Albores del terror mexicano: Los a\u00f1os 30 y la influencia expresionista<\/span><\/p>\n<p align=\"JUSTIFY\"><span style=\"font-family: Calibri, serif;\">La \u00e9poca de oro del cine de terror mexicano: Los a\u00f1os 50 y 60<\/span><\/p>\n<p align=\"JUSTIFY\"><span style=\"font-family: Calibri, serif;\">\u00a1P\u00e1nico! El cine de terror esot\u00e9rico<\/span><\/p>\n<p align=\"JUSTIFY\"><span style=\"font-family: Calibri, serif;\">El terror pop ochentero<\/span><\/p>\n<p align=\"JUSTIFY\"><span style=\"font-family: Calibri, serif;\">La nueva sangre\u2026 derramada: El terror mexicano en el nuevo milenio<\/span><\/p>\n","protected":false},"excerpt":{"rendered":"<p>TEMARIO\u00a0 Albores del terror mexicano: Los a\u00f1os 30 y la influencia expresionista La \u00e9poca de oro del cine de terror mexicano: Los a\u00f1os 50 y 60 \u00a1P\u00e1nico! El cine de terror esot\u00e9rico El terror pop ochentero La nueva sangre\u2026 derramada: El terror mexicano en el nuevo milenio<\/p>\n","protected":false},"author":1,"featured_media":0,"parent":0,"menu_order":0,"comment_status":"open","ping_status":"open","template":"","meta":{"jetpack_post_was_ever_published":false,"footnotes":""},"class_list":["post-1430","page","type-page","status-publish","hentry"],"aioseo_notices":[],"jetpack_sharing_enabled":true,"jetpack_shortlink":"https:\/\/wp.me\/P3e33F-n4","_links":{"self":[{"href":"https:\/\/circo212.org.mx\/circo2\/index.php?rest_route=\/wp\/v2\/pages\/1430","targetHints":{"allow":["GET"]}}],"collection":[{"href":"https:\/\/circo212.org.mx\/circo2\/index.php?rest_route=\/wp\/v2\/pages"}],"about":[{"href":"https:\/\/circo212.org.mx\/circo2\/index.php?rest_route=\/wp\/v2\/types\/page"}],"author":[{"embeddable":true,"href":"https:\/\/circo212.org.mx\/circo2\/index.php?rest_route=\/wp\/v2\/users\/1"}],"replies":[{"embeddable":true,"href":"https:\/\/circo212.org.mx\/circo2\/index.php?rest_route=%2Fwp%2Fv2%2Fcomments&post=1430"}],"version-history":[{"count":0,"href":"https:\/\/circo212.org.mx\/circo2\/index.php?rest_route=\/wp\/v2\/pages\/1430\/revisions"}],"wp:attachment":[{"href":"https:\/\/circo212.org.mx\/circo2\/index.php?rest_route=%2Fwp%2Fv2%2Fmedia&parent=1430"}],"curies":[{"name":"wp","href":"https:\/\/api.w.org\/{rel}","templated":true}]}}