{"id":1456,"date":"2013-06-25T15:24:54","date_gmt":"2013-06-25T20:24:54","guid":{"rendered":"http:\/\/www.circo212.org.mx\/circo2\/?page_id=1456"},"modified":"2013-07-23T13:31:39","modified_gmt":"2013-07-23T18:31:39","slug":"taller-de-idoc-mapeando-el-documental-interactivo","status":"publish","type":"page","link":"https:\/\/circo212.org.mx\/circo2\/?page_id=1456","title":{"rendered":"Creaci\u00f3n de iDoc &#8211; Mapeando el documental interactivo"},"content":{"rendered":"<p><a href=\"http:\/\/www.circo212.org.mx\/circo2\/wp-content\/uploads\/2013\/06\/idoc.png\"><img loading=\"lazy\" decoding=\"async\" class=\"size-medium wp-image-1464 aligncenter\" alt=\"idoc\" src=\"http:\/\/www.circo212.org.mx\/circo2\/wp-content\/uploads\/2013\/06\/idoc-300x141.png\" width=\"300\" height=\"141\" srcset=\"https:\/\/circo212.org.mx\/circo2\/wp-content\/uploads\/2013\/06\/idoc-300x141.png 300w, https:\/\/circo212.org.mx\/circo2\/wp-content\/uploads\/2013\/06\/idoc.png 900w\" sizes=\"auto, (max-width: 300px) 100vw, 300px\" \/><\/a><\/p>\n<p style=\"text-align: justify;\"><strong>Presentaci\u00f3n:<\/strong><\/p>\n<p style=\"text-align: justify;\">En este taller descubriremos qu\u00e9 posibilidades nos brindan las nuevas tecnolog\u00edas de internet aplicadas al mundo de la creaci\u00f3n documental.<\/p>\n<p style=\"text-align: justify;\">En el mundo audiovisual vivimos un nuevo paradigma en el cual las redes sociales como Facebook o Twitter y canales como Youtube, est\u00e1n modificando los modelos de narraci\u00f3n, creaci\u00f3n y rentabilizaci\u00f3n. Hoy d\u00eda, un videoblogger puede tener m\u00e1s impacto social que muchos de los estrenos comerciales en salas de cine. El abaratamiento de c\u00e1maras profesionales y la gran calidad de imagen de muchos dispositivos celulares permiten alcanzar grandes resultados con pocos recursos. En este nuevo paradigma el documental tambi\u00e9n ha derivado en un nuevo formato: el documental interactivo (o tambi\u00e9n \u201ciDoc\u201d), fruto de su intersecci\u00f3n con Internet.<\/p>\n<p style=\"text-align: justify;\">El objetivo final del taller es el de crear un iDoc, que muestre el proceso de creaci\u00f3n de nuestra investigaci\u00f3n, simplemente con lo que subamos a Youtube, Flickr o Soundcloud.<\/p>\n<p style=\"text-align: justify;\"><strong>Dirigido a:\u00a0<\/strong><\/p>\n<p style=\"text-align: justify;\">Cineastas, documentalistas, periodistas, comunicadores, fot\u00f3grafos, community managers, bloggers, dise\u00f1adores de videojuegos, dise\u00f1adores web, programadores y a todo aquel interesado en el cine y entusiasmado por experimentar con nuevas formas de narraci\u00f3n.<\/p>\n<p style=\"text-align: justify;\"><strong>Objetivos:\u00a0<\/strong><\/p>\n<ul>\n<li>Realizar un documental interactivo de calidad.<\/li>\n<li>Entender las caracter\u00edsticas que configuran el documental interactivo.<\/li>\n<li>Aprender la din\u00e1mica de producci\u00f3n de un documental interactivo.<\/li>\n<li>Manejar la gram\u00e1tica del lenguaje interactivo.<\/li>\n<li>Reconocer el momento hist\u00f3rico en el que aparece as\u00ed como el modelo de creaci\u00f3n y distribuci\u00f3n que propone.<\/li>\n<li>Desarrollar una visi\u00f3n cr\u00edtica frente al documental, reconociendo sus caracter\u00edsticas y saber cu\u00e1ndo se est\u00e1 frente a una buena historia.<\/li>\n<\/ul>\n<p style=\"text-align: justify;\">CONSULTA EL TEMARIO\u00a0<a href=\" http:\/\/www.circo212.org.mx\/circo2\/?page_id=1459\">AQU\u00cd<\/a><\/p>\n<p><strong>Calendario: <\/strong>27 de julio &#8211; 14 de septiembre<\/p>\n<p><strong>D\u00edas:\u00a0<\/strong>\u00a0 27 de Julio<\/p>\n<p>3, 10, 17, 24, 31 de Agosto<\/p>\n<p>7 y 14 de septiembre<\/p>\n<p><strong>Horarios:\u00a0<\/strong>S\u00e1bados de 10h. &#8211; 14h.<\/p>\n<p><strong>Duraci\u00f3n:<\/strong> 32 horas,<strong>\u00a0\u00a0<\/strong>8\u00a0sesiones de 4 horas<\/p>\n<p><strong>Requisitos:\u00a0<\/strong><\/p>\n<p>Laptop \u00a0que deben traer al taller<\/p>\n<p>Contar con un dispositivo que pueda grabar audio y video, tales como un tel\u00e9fono, una tablet, una c\u00e1mara fotogr\u00e1fica o una grabadora de video profesional.<\/p>\n<p>Nivel b\u00e1sico de ingl\u00e9s<\/p>\n<p><strong>Imparte:<\/strong> Luis Arenas (<a href=\" http:\/\/www.circo212.org.mx\/circo2\/?page_id=1457\">semblanza)<\/a><\/p>\n<p><strong>Costo:\u00a0<\/strong>$3,000<\/p>\n<p><strong>*Aplican descuentos y facilidades de pago \/ Cupo limitado<\/strong><\/p>\n<p><strong>Para m\u00e1s informaci\u00f3n:<\/strong><\/p>\n<p>52 56 31 67 \/ 52 07 51 52<\/p>\n<p><strong>Mail<\/strong>: gaby@circo212.org.mx<\/p>\n<p>o llena este formato para informaci\u00f3n<\/p>\n\n<div class=\"wpcf7 no-js\" id=\"wpcf7-f932-o1\" lang=\"\" dir=\"ltr\" data-wpcf7-id=\"932\">\n<div class=\"screen-reader-response\"><p role=\"status\" aria-live=\"polite\" aria-atomic=\"true\"><\/p> <ul><\/ul><\/div>\n<form action=\"\/circo2\/index.php?rest_route=%2Fwp%2Fv2%2Fpages%2F1456#wpcf7-f932-o1\" method=\"post\" class=\"wpcf7-form init\" aria-label=\"Formulario de contacto\" novalidate=\"novalidate\" data-status=\"init\">\n<div style=\"display: none;\">\n<input type=\"hidden\" name=\"_wpcf7\" value=\"932\" \/>\n<input type=\"hidden\" name=\"_wpcf7_version\" value=\"6.0.6\" \/>\n<input type=\"hidden\" name=\"_wpcf7_locale\" value=\"\" \/>\n<input type=\"hidden\" name=\"_wpcf7_unit_tag\" value=\"wpcf7-f932-o1\" \/>\n<input type=\"hidden\" name=\"_wpcf7_container_post\" value=\"0\" \/>\n<input type=\"hidden\" name=\"_wpcf7_posted_data_hash\" value=\"\" \/>\n<\/div>\n<p>Tu nombre\n<\/p>\n<p><span class=\"wpcf7-form-control-wrap\" data-name=\"your-name\"><input size=\"40\" maxlength=\"400\" class=\"wpcf7-form-control wpcf7-text wpcf7-validates-as-required\" aria-required=\"true\" aria-invalid=\"false\" value=\"\" type=\"text\" name=\"your-name\" \/><\/span>\n<\/p>\n<p>Tu Email\n<\/p>\n<p><span class=\"wpcf7-form-control-wrap\" data-name=\"your-email\"><input size=\"40\" maxlength=\"400\" class=\"wpcf7-form-control wpcf7-email wpcf7-validates-as-required wpcf7-text wpcf7-validates-as-email\" aria-required=\"true\" aria-invalid=\"false\" value=\"\" type=\"email\" name=\"your-email\" \/><\/span>\n<\/p>\n<p>Asunto\n<\/p>\n<p><span class=\"wpcf7-form-control-wrap\" data-name=\"your-subject\"><input size=\"40\" maxlength=\"400\" class=\"wpcf7-form-control wpcf7-text\" aria-invalid=\"false\" value=\"\" type=\"text\" name=\"your-subject\" \/><\/span>\n<\/p>\n<p>Tu Mensaje\n<\/p>\n<p><span class=\"wpcf7-form-control-wrap\" data-name=\"your-message\"><textarea cols=\"40\" rows=\"10\" maxlength=\"2000\" class=\"wpcf7-form-control wpcf7-textarea\" aria-invalid=\"false\" name=\"your-message\"><\/textarea><\/span>\n<\/p>\n<p><input class=\"wpcf7-form-control wpcf7-submit has-spinner\" type=\"submit\" value=\"Enviar\" \/>\n<\/p><p style=\"display: none !important;\" class=\"akismet-fields-container\" data-prefix=\"_wpcf7_ak_\"><label>&#916;<textarea name=\"_wpcf7_ak_hp_textarea\" cols=\"45\" rows=\"8\" maxlength=\"100\"><\/textarea><\/label><input type=\"hidden\" id=\"ak_js_1\" name=\"_wpcf7_ak_js\" value=\"145\"\/><script>document.getElementById( \"ak_js_1\" ).setAttribute( \"value\", ( new Date() ).getTime() );<\/script><\/p><div class=\"wpcf7-response-output\" aria-hidden=\"true\"><\/div>\n<\/form>\n<\/div>\n\n<p>&nbsp;<\/p>\n","protected":false},"excerpt":{"rendered":"<p>Presentaci\u00f3n: En este taller descubriremos qu\u00e9 posibilidades nos brindan las nuevas tecnolog\u00edas de internet aplicadas al mundo de la creaci\u00f3n documental. En el mundo audiovisual vivimos un nuevo paradigma en el cual las redes sociales como Facebook o Twitter y canales como Youtube, est\u00e1n modificando los modelos de narraci\u00f3n, creaci\u00f3n y rentabilizaci\u00f3n. Hoy d\u00eda, un [&hellip;]<\/p>\n","protected":false},"author":1,"featured_media":0,"parent":0,"menu_order":0,"comment_status":"open","ping_status":"open","template":"","meta":{"jetpack_post_was_ever_published":false,"footnotes":""},"class_list":["post-1456","page","type-page","status-publish","hentry"],"aioseo_notices":[],"jetpack_sharing_enabled":true,"jetpack_shortlink":"https:\/\/wp.me\/P3e33F-nu","_links":{"self":[{"href":"https:\/\/circo212.org.mx\/circo2\/index.php?rest_route=\/wp\/v2\/pages\/1456","targetHints":{"allow":["GET"]}}],"collection":[{"href":"https:\/\/circo212.org.mx\/circo2\/index.php?rest_route=\/wp\/v2\/pages"}],"about":[{"href":"https:\/\/circo212.org.mx\/circo2\/index.php?rest_route=\/wp\/v2\/types\/page"}],"author":[{"embeddable":true,"href":"https:\/\/circo212.org.mx\/circo2\/index.php?rest_route=\/wp\/v2\/users\/1"}],"replies":[{"embeddable":true,"href":"https:\/\/circo212.org.mx\/circo2\/index.php?rest_route=%2Fwp%2Fv2%2Fcomments&post=1456"}],"version-history":[{"count":14,"href":"https:\/\/circo212.org.mx\/circo2\/index.php?rest_route=\/wp\/v2\/pages\/1456\/revisions"}],"predecessor-version":[{"id":1667,"href":"https:\/\/circo212.org.mx\/circo2\/index.php?rest_route=\/wp\/v2\/pages\/1456\/revisions\/1667"}],"wp:attachment":[{"href":"https:\/\/circo212.org.mx\/circo2\/index.php?rest_route=%2Fwp%2Fv2%2Fmedia&parent=1456"}],"curies":[{"name":"wp","href":"https:\/\/api.w.org\/{rel}","templated":true}]}}