{"id":1457,"date":"2013-06-25T15:08:23","date_gmt":"2013-06-25T20:08:23","guid":{"rendered":"http:\/\/www.circo212.org.mx\/circo2\/?page_id=1457"},"modified":"2013-06-25T15:08:23","modified_gmt":"2013-06-25T20:08:23","slug":"luis-arenas-semblanza","status":"publish","type":"page","link":"https:\/\/circo212.org.mx\/circo2\/?page_id=1457","title":{"rendered":"Luis Arenas (semblanza)"},"content":{"rendered":"<p style=\"text-align: justify;\">Director, escritor, productor, editor, disfruta de todo lo relacionado con el audiovisual. Tiene experiencia trabajando en teatro, publicidad, cortometrajes, documentales y videos online. Sus obras se han seleccionado en festivales internacionales como La Noche en Blanco de Madrid o la Seminci de Valladolid. Su carrera de docente dentro del cine le ha llevado a dar talleres en Espa\u00f1a, Inglaterra, Colombia, Ecuador o Per\u00fa donde trabaj\u00f3 en comunidades ind\u00edgenas de la Amazon\u00eda. En 2012 crea Arenas Films, productora dedicada a exclusivamente a contenidos audiovisuales online y proyectos de narrativas interactivas.<\/p>\n<p>&nbsp;<\/p>\n","protected":false},"excerpt":{"rendered":"<p>Director, escritor, productor, editor, disfruta de todo lo relacionado con el audiovisual. Tiene experiencia trabajando en teatro, publicidad, cortometrajes, documentales y videos online. Sus obras se han seleccionado en festivales internacionales como La Noche en Blanco de Madrid o la Seminci de Valladolid. Su carrera de docente dentro del cine le ha llevado a dar [&hellip;]<\/p>\n","protected":false},"author":1,"featured_media":0,"parent":0,"menu_order":0,"comment_status":"open","ping_status":"open","template":"","meta":{"jetpack_post_was_ever_published":false,"footnotes":""},"class_list":["post-1457","page","type-page","status-publish","hentry"],"aioseo_notices":[],"jetpack_sharing_enabled":true,"jetpack_shortlink":"https:\/\/wp.me\/P3e33F-nv","_links":{"self":[{"href":"https:\/\/circo212.org.mx\/circo2\/index.php?rest_route=\/wp\/v2\/pages\/1457","targetHints":{"allow":["GET"]}}],"collection":[{"href":"https:\/\/circo212.org.mx\/circo2\/index.php?rest_route=\/wp\/v2\/pages"}],"about":[{"href":"https:\/\/circo212.org.mx\/circo2\/index.php?rest_route=\/wp\/v2\/types\/page"}],"author":[{"embeddable":true,"href":"https:\/\/circo212.org.mx\/circo2\/index.php?rest_route=\/wp\/v2\/users\/1"}],"replies":[{"embeddable":true,"href":"https:\/\/circo212.org.mx\/circo2\/index.php?rest_route=%2Fwp%2Fv2%2Fcomments&post=1457"}],"version-history":[{"count":2,"href":"https:\/\/circo212.org.mx\/circo2\/index.php?rest_route=\/wp\/v2\/pages\/1457\/revisions"}],"predecessor-version":[{"id":1460,"href":"https:\/\/circo212.org.mx\/circo2\/index.php?rest_route=\/wp\/v2\/pages\/1457\/revisions\/1460"}],"wp:attachment":[{"href":"https:\/\/circo212.org.mx\/circo2\/index.php?rest_route=%2Fwp%2Fv2%2Fmedia&parent=1457"}],"curies":[{"name":"wp","href":"https:\/\/api.w.org\/{rel}","templated":true}]}}