{"id":1459,"date":"2013-06-25T15:13:27","date_gmt":"2013-06-25T20:13:27","guid":{"rendered":"http:\/\/www.circo212.org.mx\/circo2\/?page_id=1459"},"modified":"2013-06-28T17:24:32","modified_gmt":"2013-06-28T22:24:32","slug":"temario-taller-idoc","status":"publish","type":"page","link":"https:\/\/circo212.org.mx\/circo2\/?page_id=1459","title":{"rendered":"Temario Creaci\u00f3n de un iDoc"},"content":{"rendered":"<p><strong>0.Presentaci\u00f3n del curso: estructura y objetivos.<\/strong><\/p>\n<p><strong>1. La Era de la Convergencia: hacia el cambio de paradigma.<\/strong><\/p>\n<p>1.1 Introducci\u00f3n.<br \/>\n1.2 Qu\u00e9 significa la convergencia.<br \/>\n1.3 La evoluci\u00f3n de Internet: de ARPAnet a Facebook.<br \/>\n1.4 El cine se estrena en Youtube.<\/p>\n<p><strong>2. El Documental Interactivo: un nuevo modelo de narraci\u00f3n.<\/strong><\/p>\n<p>2.1 \u00bfQu\u00e9 es un documental?<br \/>\n2.2 Breve repaso a la historia documental.<br \/>\n2.3 Y entonces, \u00bfqu\u00e9 es un documental interactivo?<br \/>\n2.4 Rasgos para un nuevo modelo de narraci\u00f3n.<br \/>\n2.4.1 Cambio de perspectiva.<br \/>\n2.4.2 Adi\u00f3s a la linealidad.<br \/>\n2.4.3 La narraci\u00f3n interactiva genera un set de perspectivas m\u00faltiples.<br \/>\n2.4.4 Sobre la participaci\u00f3n.<br \/>\n2.5 El caso\u00a0Korsakow.<\/p>\n<p><strong>3. Creaci\u00f3n de un iDoc.<\/strong><\/p>\n<p>3.1 Lenguaje del cine documental.<br \/>\n3.2 Entrevista, proceso, seguimiento, acontecimiento\u2026<br \/>\n3.3 Ejercicios b\u00e1sicos.<br \/>\n3.4 Lluvia de ideas para nuestro proyecto final.<br \/>\n3.5 Lenguaje del documental interactivo: usos de imagen, video, sonido y texto.<br \/>\n3.6 Ejercicios b\u00e1sicos.<br \/>\n3.7 El equipo de producci\u00f3n\u2026de un iDoc.<br \/>\n3.8 Presentaci\u00f3n de ideas finales.<br \/>\n3.9 Dise\u00f1o de la arquitectura interactiva de nuestro iDoc.<br \/>\n3.10 Dise\u00f1o de nuestro iDoc: el wireframe.<\/p>\n<p><strong>4. Producci\u00f3n.<\/strong><\/p>\n<p>4.1 Plan de rodaje (el objetivo del taller es que cada alumno sea aut\u00f3nomo e independiente, aportando su propio equipo de grabaci\u00f3n, organiz\u00e1ndose para grabar en sus ratos libres)<br \/>\n4.2 Visionado \u00a0y primeros armados de estructura.<\/p>\n<p>&nbsp;<\/p>\n<p><strong>5. Armado final.<\/strong><\/p>\n<p>5.1 \u00a1S\u00fabelo a la red!<br \/>\n5.2 Estrategia de distribuci\u00f3n: nichos.<\/p>\n<p><strong>6. Go Pro.<\/strong><\/p>\n<p>6.1 Diez consejos para hacer un iDoc y no morir en el intento<br \/>\n6.2 Gu\u00eda de webs, \u00edndices y subvenciones<\/p>\n<p>&nbsp;<\/p>\n<p style=\"text-align: justify;\">La irrupci\u00f3n de la red social en las nuevas tecnolog\u00edas asociadas a Internet y la TV digital est\u00e1n transformando los modelos de narraci\u00f3n, creaci\u00f3n y rentabilizaci\u00f3n de los productos audiovisuales. T\u00e9rminos como \u201ctransmedia\u201d, \u201ccrossmedia\u201d o \u201cnarrativa interactiva\u201d, ganan cada d\u00eda m\u00e1s notoriedad. La interactividad de Internet ha derivado en un nuevo modelo creativo participativo: el crowdfunding, la distribuci\u00f3n y exhibici\u00f3n a trav\u00e9s de redes sociales, el software open-source,&#8230;En la edad de la convergencia, el p\u00fablico-espectador tradicional se transforma en una comunidad de usuarios con nombres propios participando activamente en la distribuci\u00f3n de informaci\u00f3n a trav\u00e9s de twits, blogs, teasers,&#8230;<\/p>\n<p style=\"text-align: justify;\">En este nuevo paradigma el documental tambi\u00e9n ha derivado en un nuevo formato: el documental interactivo (o tambi\u00e9n \u201ciDoc\u201d), fruto de su intersecci\u00f3n con Internet. El presente seminario trata de describir el g\u00e9nero tal y como nos aparece a trav\u00e9s de sus obras y creadores, as\u00ed como ofrecer las herramientas de an\u00e1lisis necesarias para la identificaci\u00f3n y creaci\u00f3n del mismo.<\/p>\n<p style=\"text-align: justify;\">Dise\u00f1ado de forma participativa, los alumnos generar\u00e1n por si mismos las respuestas a partir de los materiales seleccionados. Juntos bucearemos por la historia del documental, estudiaremos la evoluci\u00f3n de internet, filosofaremos sobre el punto de vista del autor en una obra y, sobre todo, visionaremos, o mejor, interactuaremos con muchos documentales.<\/p>\n<p style=\"text-align: justify;\">El taller nace de la necesidad de cubrir un vac\u00edo entre los documentalistas independientes a la hora de diversificar sus proyectos bajo otros formatos que permitan explorar nuevas v\u00edas narrativas y de financiaci\u00f3n, etc. Festivales como Sundance o Tribeca e instituciones gubernamentales de pa\u00edses como Canad\u00e1 o Francia est\u00e1n apoyando cada vez m\u00e1s este tipo de iniciativas. Muchos creadores coinciden en que el iDoc supone una alternativa de futuro para los cineastas independientes que buscan una mayor interacci\u00f3n con la audiencia.<\/p>\n<p style=\"text-align: justify;\">\n","protected":false},"excerpt":{"rendered":"<p>0.Presentaci\u00f3n del curso: estructura y objetivos. 1. La Era de la Convergencia: hacia el cambio de paradigma. 1.1 Introducci\u00f3n. 1.2 Qu\u00e9 significa la convergencia. 1.3 La evoluci\u00f3n de Internet: de ARPAnet a Facebook. 1.4 El cine se estrena en Youtube. 2. El Documental Interactivo: un nuevo modelo de narraci\u00f3n. 2.1 \u00bfQu\u00e9 es un documental? 2.2 [&hellip;]<\/p>\n","protected":false},"author":1,"featured_media":0,"parent":0,"menu_order":0,"comment_status":"open","ping_status":"open","template":"","meta":{"jetpack_post_was_ever_published":false,"footnotes":""},"class_list":["post-1459","page","type-page","status-publish","hentry"],"aioseo_notices":[],"jetpack_sharing_enabled":true,"jetpack_shortlink":"https:\/\/wp.me\/P3e33F-nx","_links":{"self":[{"href":"https:\/\/circo212.org.mx\/circo2\/index.php?rest_route=\/wp\/v2\/pages\/1459","targetHints":{"allow":["GET"]}}],"collection":[{"href":"https:\/\/circo212.org.mx\/circo2\/index.php?rest_route=\/wp\/v2\/pages"}],"about":[{"href":"https:\/\/circo212.org.mx\/circo2\/index.php?rest_route=\/wp\/v2\/types\/page"}],"author":[{"embeddable":true,"href":"https:\/\/circo212.org.mx\/circo2\/index.php?rest_route=\/wp\/v2\/users\/1"}],"replies":[{"embeddable":true,"href":"https:\/\/circo212.org.mx\/circo2\/index.php?rest_route=%2Fwp%2Fv2%2Fcomments&post=1459"}],"version-history":[{"count":5,"href":"https:\/\/circo212.org.mx\/circo2\/index.php?rest_route=\/wp\/v2\/pages\/1459\/revisions"}],"predecessor-version":[{"id":1462,"href":"https:\/\/circo212.org.mx\/circo2\/index.php?rest_route=\/wp\/v2\/pages\/1459\/revisions\/1462"}],"wp:attachment":[{"href":"https:\/\/circo212.org.mx\/circo2\/index.php?rest_route=%2Fwp%2Fv2%2Fmedia&parent=1459"}],"curies":[{"name":"wp","href":"https:\/\/api.w.org\/{rel}","templated":true}]}}