{"id":200,"date":"2012-02-14T04:23:41","date_gmt":"2012-02-14T04:23:41","guid":{"rendered":"http:\/\/www.circo212.org.mx\/circo2\/?page_id=200"},"modified":"2015-06-19T19:13:31","modified_gmt":"2015-06-20T00:13:31","slug":"cine-al-aire-libre-2","status":"publish","type":"page","link":"https:\/\/circo212.org.mx\/circo2\/?page_id=200","title":{"rendered":"Cine al Aire Libre"},"content":{"rendered":"<div class=\"one-third\">\n<h3>\u00a0Aqu\u00ed se Film\u00f3<\/h3>\n<p><a title=\"Aqu\u00ed se Film\u00f3\" href=\"http:\/\/www.circo212.org.mx\/circo2\/?page_id=262\"><img loading=\"lazy\" decoding=\"async\" class=\"alignnone size-full wp-image-515\" title=\"\" src=\"http:\/\/www.circo212.org.mx\/circo2\/wp-content\/uploads\/2012\/02\/aquisefilmo.png\" alt=\"\" width=\"150\" height=\"150\" \/><\/a><\/p>\n<\/div> <div class=\"two-third last\">\n<\/div><\/p>\n<p>Nuestra ciudad ha sido un enorme set cinematogr\u00e1fico de todas las \u00e9pocas. Este proyecto lleva de vuelta a las locaciones, las pel\u00edculas que ah\u00ed se filmaron en funciones gratuitas al aire libre con la presencia de actores y directores. Nuestra propuesta aporta al rescate de memoria intangible, a trav\u00e9s de un mapa con la memoria f\u00edlmica de la Ciudad de M\u00e9xico. En 2011 Aqu\u00ed se film\u00f3 cruza la frontera de la Ciudad de M\u00e9xico para realizarse por vez primera en el estado de Guerrero con Aqu\u00ed se film\u00f3 en Acapulco.<\/p>\n<div class='divider-border' style='margin-top: 10px; margin-bottom: 10px'><\/div>\n<p>&nbsp;<\/p>\n","protected":false},"excerpt":{"rendered":"<p>Nuestra ciudad ha sido un enorme set cinematogr\u00e1fico de todas las \u00e9pocas. Este proyecto lleva de vuelta a las locaciones, las pel\u00edculas que ah\u00ed se filmaron en funciones gratuitas al aire libre con la presencia de actores y directores. Nuestra propuesta aporta al rescate de memoria intangible, a trav\u00e9s de un mapa con la memoria [&hellip;]<\/p>\n","protected":false},"author":1,"featured_media":339,"parent":110,"menu_order":0,"comment_status":"open","ping_status":"open","template":"","meta":{"jetpack_post_was_ever_published":false,"footnotes":""},"class_list":["post-200","page","type-page","status-publish","has-post-thumbnail","hentry"],"aioseo_notices":[],"jetpack_sharing_enabled":true,"jetpack_shortlink":"https:\/\/wp.me\/P3e33F-3e","_links":{"self":[{"href":"https:\/\/circo212.org.mx\/circo2\/index.php?rest_route=\/wp\/v2\/pages\/200","targetHints":{"allow":["GET"]}}],"collection":[{"href":"https:\/\/circo212.org.mx\/circo2\/index.php?rest_route=\/wp\/v2\/pages"}],"about":[{"href":"https:\/\/circo212.org.mx\/circo2\/index.php?rest_route=\/wp\/v2\/types\/page"}],"author":[{"embeddable":true,"href":"https:\/\/circo212.org.mx\/circo2\/index.php?rest_route=\/wp\/v2\/users\/1"}],"replies":[{"embeddable":true,"href":"https:\/\/circo212.org.mx\/circo2\/index.php?rest_route=%2Fwp%2Fv2%2Fcomments&post=200"}],"version-history":[{"count":16,"href":"https:\/\/circo212.org.mx\/circo2\/index.php?rest_route=\/wp\/v2\/pages\/200\/revisions"}],"predecessor-version":[{"id":3508,"href":"https:\/\/circo212.org.mx\/circo2\/index.php?rest_route=\/wp\/v2\/pages\/200\/revisions\/3508"}],"up":[{"embeddable":true,"href":"https:\/\/circo212.org.mx\/circo2\/index.php?rest_route=\/wp\/v2\/pages\/110"}],"wp:featuredmedia":[{"embeddable":true,"href":"https:\/\/circo212.org.mx\/circo2\/index.php?rest_route=\/wp\/v2\/media\/339"}],"wp:attachment":[{"href":"https:\/\/circo212.org.mx\/circo2\/index.php?rest_route=%2Fwp%2Fv2%2Fmedia&parent=200"}],"curies":[{"name":"wp","href":"https:\/\/api.w.org\/{rel}","templated":true}]}}