{"id":262,"date":"2012-02-18T00:53:49","date_gmt":"2012-02-18T00:53:49","guid":{"rendered":"http:\/\/www.circo212.org.mx\/circo2\/?page_id=262"},"modified":"2015-06-19T19:14:46","modified_gmt":"2015-06-20T00:14:46","slug":"aqui-se-filmo","status":"publish","type":"page","link":"https:\/\/circo212.org.mx\/circo2\/?page_id=262","title":{"rendered":"Aqu\u00ed se Film\u00f3"},"content":{"rendered":"<p><a href=\"http:\/\/aquisefilmo.wordpress.com\/\" target=\"_blank\">Aqu\u00ed se Filmo<\/a>&#8230;<\/p>\n<p>Aqu\u00ed les ponemos un poco de im\u00e1genes del 2011.<\/p>\n<p><img loading=\"lazy\" decoding=\"async\" class=\"alignnone size-full wp-image-594\" title=\"\" src=\"http:\/\/www.circo212.org.mx\/circo2\/wp-content\/uploads\/2012\/02\/aquisefilmo2.jpg\" alt=\"\" width=\"1000\" height=\"1545\" srcset=\"https:\/\/circo212.org.mx\/circo2\/wp-content\/uploads\/2012\/02\/aquisefilmo2.jpg 1000w, https:\/\/circo212.org.mx\/circo2\/wp-content\/uploads\/2012\/02\/aquisefilmo2-194x300.jpg 194w, https:\/\/circo212.org.mx\/circo2\/wp-content\/uploads\/2012\/02\/aquisefilmo2-662x1024.jpg 662w\" sizes=\"auto, (max-width: 1000px) 100vw, 1000px\" \/><\/p>\n<p>&nbsp;<\/p>\n<p><img loading=\"lazy\" decoding=\"async\" class=\"alignnone size-full wp-image-595\" title=\"\" src=\"http:\/\/www.circo212.org.mx\/circo2\/wp-content\/uploads\/2012\/02\/General_ASF2011_mapa.jpg\" alt=\"\" width=\"962\" height=\"656\" srcset=\"https:\/\/circo212.org.mx\/circo2\/wp-content\/uploads\/2012\/02\/General_ASF2011_mapa.jpg 962w, https:\/\/circo212.org.mx\/circo2\/wp-content\/uploads\/2012\/02\/General_ASF2011_mapa-300x204.jpg 300w\" sizes=\"auto, (max-width: 962px) 100vw, 962px\" \/><\/p>\n<p>&nbsp;<\/p>\n<p><img loading=\"lazy\" decoding=\"async\" class=\"alignnone size-full wp-image-609\" title=\"\" src=\"http:\/\/www.circo212.org.mx\/circo2\/wp-content\/uploads\/2012\/02\/AquiSeFilmo_2011.jpg\" alt=\"\" width=\"1824\" height=\"1216\" srcset=\"https:\/\/circo212.org.mx\/circo2\/wp-content\/uploads\/2012\/02\/AquiSeFilmo_2011.jpg 1824w, https:\/\/circo212.org.mx\/circo2\/wp-content\/uploads\/2012\/02\/AquiSeFilmo_2011-300x200.jpg 300w, https:\/\/circo212.org.mx\/circo2\/wp-content\/uploads\/2012\/02\/AquiSeFilmo_2011-1024x682.jpg 1024w\" sizes=\"auto, (max-width: 1824px) 100vw, 1824px\" \/><\/p>\n","protected":false},"excerpt":{"rendered":"<p>Aqu\u00ed se Filmo&#8230; Aqu\u00ed les ponemos un poco de im\u00e1genes del 2011. &nbsp; &nbsp;<\/p>\n","protected":false},"author":1,"featured_media":0,"parent":200,"menu_order":0,"comment_status":"open","ping_status":"open","template":"page-sidebar-right.php","meta":{"jetpack_post_was_ever_published":false,"footnotes":""},"class_list":["post-262","page","type-page","status-publish","hentry"],"aioseo_notices":[],"jetpack_sharing_enabled":true,"jetpack_shortlink":"https:\/\/wp.me\/P3e33F-4e","_links":{"self":[{"href":"https:\/\/circo212.org.mx\/circo2\/index.php?rest_route=\/wp\/v2\/pages\/262","targetHints":{"allow":["GET"]}}],"collection":[{"href":"https:\/\/circo212.org.mx\/circo2\/index.php?rest_route=\/wp\/v2\/pages"}],"about":[{"href":"https:\/\/circo212.org.mx\/circo2\/index.php?rest_route=\/wp\/v2\/types\/page"}],"author":[{"embeddable":true,"href":"https:\/\/circo212.org.mx\/circo2\/index.php?rest_route=\/wp\/v2\/users\/1"}],"replies":[{"embeddable":true,"href":"https:\/\/circo212.org.mx\/circo2\/index.php?rest_route=%2Fwp%2Fv2%2Fcomments&post=262"}],"version-history":[{"count":11,"href":"https:\/\/circo212.org.mx\/circo2\/index.php?rest_route=\/wp\/v2\/pages\/262\/revisions"}],"predecessor-version":[{"id":3510,"href":"https:\/\/circo212.org.mx\/circo2\/index.php?rest_route=\/wp\/v2\/pages\/262\/revisions\/3510"}],"up":[{"embeddable":true,"href":"https:\/\/circo212.org.mx\/circo2\/index.php?rest_route=\/wp\/v2\/pages\/200"}],"wp:attachment":[{"href":"https:\/\/circo212.org.mx\/circo2\/index.php?rest_route=%2Fwp%2Fv2%2Fmedia&parent=262"}],"curies":[{"name":"wp","href":"https:\/\/api.w.org\/{rel}","templated":true}]}}