{"id":268,"date":"2012-02-18T00:55:16","date_gmt":"2012-02-18T00:55:16","guid":{"rendered":"http:\/\/www.circo212.org.mx\/circo2\/?page_id=268"},"modified":"2015-06-19T19:26:55","modified_gmt":"2015-06-20T00:26:55","slug":"distrital","status":"publish","type":"page","link":"https:\/\/circo212.org.mx\/circo2\/?page_id=268","title":{"rendered":"Distrital"},"content":{"rendered":"<h3 style=\"text-align: left;\"><span style=\"color: #000000;\"><strong>Edici\u00f3n 2015<\/strong><\/span><\/h3>\n<h4 style=\"text-align: left;\"><span style=\"color: #000000;\">Distrital Formaci\u00f3n del 11 al 24 de julio<\/span><\/h4>\n<p style=\"text-align: left;\"><a href=\"http:\/\/www.circo212.org.mx\/circo2\/wp-content\/uploads\/2012\/02\/Qu\u00e9-es_Distrita_Banner-01-769x480.jpg\"><img loading=\"lazy\" decoding=\"async\" class=\"alignnone wp-image-3515 size-full\" src=\"http:\/\/www.circo212.org.mx\/circo2\/wp-content\/uploads\/2012\/02\/Qu\u00e9-es_Distrita_Banner-01-769x480.jpg\" alt=\"Qu\u00e9-es_Distrita_Banner-01-769x480\" width=\"769\" height=\"480\" srcset=\"https:\/\/circo212.org.mx\/circo2\/wp-content\/uploads\/2012\/02\/Qu\u00e9-es_Distrita_Banner-01-769x480.jpg 769w, https:\/\/circo212.org.mx\/circo2\/wp-content\/uploads\/2012\/02\/Qu\u00e9-es_Distrita_Banner-01-769x480-300x187.jpg 300w\" sizes=\"auto, (max-width: 769px) 100vw, 769px\" \/><\/a><\/p>\n<h3 style=\"text-align: left;\"><span style=\"color: #000000;\"><strong>Edici\u00f3n 2014<\/strong><\/span><\/h3>\n<h4 style=\"text-align: left;\"><span style=\"color: #000000;\">Del 3 al 8 de junio<\/span><\/h4>\n<p style=\"text-align: left;\"><a href=\"http:\/\/www.circo212.org.mx\/circo2\/wp-content\/uploads\/2012\/02\/Distrital-2014.jpg\"><img loading=\"lazy\" decoding=\"async\" class=\"alignnone wp-image-3513 size-full\" src=\"http:\/\/www.circo212.org.mx\/circo2\/wp-content\/uploads\/2012\/02\/Distrital-2014.jpg\" alt=\"Distrital 2014\" width=\"741\" height=\"960\" srcset=\"https:\/\/circo212.org.mx\/circo2\/wp-content\/uploads\/2012\/02\/Distrital-2014.jpg 741w, https:\/\/circo212.org.mx\/circo2\/wp-content\/uploads\/2012\/02\/Distrital-2014-232x300.jpg 232w\" sizes=\"auto, (max-width: 741px) 100vw, 741px\" \/><\/a><\/p>\n<h3 style=\"text-align: left;\"><span style=\"color: #000000;\"><strong>Edici\u00f3n 2013<\/strong><\/span><\/h3>\n<h4 style=\"text-align: left;\"><span style=\"color: #000000;\">Del 4 al 9 de junio<\/span><\/h4>\n<p><a href=\"http:\/\/www.circo212.org.mx\/circo2\/wp-content\/uploads\/2012\/02\/cartel-distrital-2013.jpg\"><img loading=\"lazy\" decoding=\"async\" class=\"alignnone\" src=\"http:\/\/www.circo212.org.mx\/circo2\/wp-content\/uploads\/2012\/02\/cartel-distrital-2013-716x1024.jpg\" alt=\"cartel70x100\" width=\"232\" height=\"300\" \/><\/a><\/p>\n<h3><span style=\"color: #000000;\"><strong>Edici\u00f3n 2012<\/strong><\/span><\/h3>\n<h4><span style=\"color: #000000;\">1-9 de junio 2012<\/span><\/h4>\n<p><a href=\"http:\/\/www.circo212.org.mx\/circo2\/wp-content\/uploads\/2012\/02\/distrital4.jpg\"><img loading=\"lazy\" decoding=\"async\" class=\"alignnone wp-image-579 size-full\" title=\"distrital4\" src=\"http:\/\/www.circo212.org.mx\/circo2\/wp-content\/uploads\/2012\/02\/distrital4.jpg\" alt=\"\" width=\"490\" height=\"632\" srcset=\"https:\/\/circo212.org.mx\/circo2\/wp-content\/uploads\/2012\/02\/distrital4.jpg 490w, https:\/\/circo212.org.mx\/circo2\/wp-content\/uploads\/2012\/02\/distrital4-232x300.jpg 232w\" sizes=\"auto, (max-width: 490px) 100vw, 490px\" \/><\/a><\/p>\n<p>&nbsp;<\/p>\n<p>&nbsp;<\/p>\n","protected":false},"excerpt":{"rendered":"<p>Edici\u00f3n 2015 Distrital Formaci\u00f3n del 11 al 24 de julio Edici\u00f3n 2014 Del 3 al 8 de junio Edici\u00f3n 2013 Del 4 al 9 de junio Edici\u00f3n 2012 1-9 de junio 2012 &nbsp; &nbsp;<\/p>\n","protected":false},"author":1,"featured_media":0,"parent":204,"menu_order":0,"comment_status":"open","ping_status":"open","template":"page-sidebar-right.php","meta":{"jetpack_post_was_ever_published":false,"footnotes":""},"class_list":["post-268","page","type-page","status-publish","hentry"],"aioseo_notices":[],"jetpack_sharing_enabled":true,"jetpack_shortlink":"https:\/\/wp.me\/P3e33F-4k","_links":{"self":[{"href":"https:\/\/circo212.org.mx\/circo2\/index.php?rest_route=\/wp\/v2\/pages\/268","targetHints":{"allow":["GET"]}}],"collection":[{"href":"https:\/\/circo212.org.mx\/circo2\/index.php?rest_route=\/wp\/v2\/pages"}],"about":[{"href":"https:\/\/circo212.org.mx\/circo2\/index.php?rest_route=\/wp\/v2\/types\/page"}],"author":[{"embeddable":true,"href":"https:\/\/circo212.org.mx\/circo2\/index.php?rest_route=\/wp\/v2\/users\/1"}],"replies":[{"embeddable":true,"href":"https:\/\/circo212.org.mx\/circo2\/index.php?rest_route=%2Fwp%2Fv2%2Fcomments&post=268"}],"version-history":[{"count":12,"href":"https:\/\/circo212.org.mx\/circo2\/index.php?rest_route=\/wp\/v2\/pages\/268\/revisions"}],"predecessor-version":[{"id":3516,"href":"https:\/\/circo212.org.mx\/circo2\/index.php?rest_route=\/wp\/v2\/pages\/268\/revisions\/3516"}],"up":[{"embeddable":true,"href":"https:\/\/circo212.org.mx\/circo2\/index.php?rest_route=\/wp\/v2\/pages\/204"}],"wp:attachment":[{"href":"https:\/\/circo212.org.mx\/circo2\/index.php?rest_route=%2Fwp%2Fv2%2Fmedia&parent=268"}],"curies":[{"name":"wp","href":"https:\/\/api.w.org\/{rel}","templated":true}]}}