{"id":385,"date":"2012-03-02T01:56:44","date_gmt":"2012-03-02T01:56:44","guid":{"rendered":"http:\/\/www.circo212.org.mx\/circo2\/?page_id=385"},"modified":"2015-07-20T20:49:03","modified_gmt":"2015-07-21T01:49:03","slug":"linterna-magica","status":"publish","type":"page","link":"https:\/\/circo212.org.mx\/circo2\/?page_id=385","title":{"rendered":"La Linterna M\u00e1gica"},"content":{"rendered":"<h1 style=\"text-align: center;\"><span style=\"color: #000000;\"><strong>Ciclo 2015<\/strong><\/span><\/h1>\n<p><span style=\"color: #000000;\">\u00a0<\/span><\/p>\n<p style=\"text-align: center;\">\u00a0<a href=\"http:\/\/www.circo212.org.mx\/circo2\/wp-content\/uploads\/2012\/03\/Linterna-inscripciones-03.jpg\"><img loading=\"lazy\" decoding=\"async\" class=\"alignnone wp-image-3528 size-full\" src=\"http:\/\/www.circo212.org.mx\/circo2\/wp-content\/uploads\/2012\/03\/Linterna-inscripciones-03.jpg\" alt=\"Print\" width=\"2888\" height=\"1792\" srcset=\"https:\/\/circo212.org.mx\/circo2\/wp-content\/uploads\/2012\/03\/Linterna-inscripciones-03.jpg 2888w, https:\/\/circo212.org.mx\/circo2\/wp-content\/uploads\/2012\/03\/Linterna-inscripciones-03-300x186.jpg 300w, https:\/\/circo212.org.mx\/circo2\/wp-content\/uploads\/2012\/03\/Linterna-inscripciones-03-1024x635.jpg 1024w\" sizes=\"auto, (max-width: 2888px) 100vw, 2888px\" \/><\/a><\/p>\n<p><span style=\"color: #000000;\">\u00a0<\/span><\/p>\n<h3 style=\"text-align: center;\"><span style=\"color: #000000;\"><strong>PEL\u00cdCULAS PARA CRECER<\/strong><\/span><\/h3>\n<p><span style=\"color: #000000;\">\u00a0<\/span><\/p>\n<p style=\"text-align: center;\"><span style=\"color: #000000;\"><strong>Descubrir el cine divirti\u00e9ndose<\/strong><\/span><\/p>\n<p style=\"text-align: center;\"><span style=\"color: #000000;\">\u00bfY si apag\u00e1ramos un rato la tele para ir al cine&#8230;? Pero, \u00a1ojo, no a ver cualquier cosa, ni<\/span><br \/>\n<span style=\"color: #000000;\"> de cualquier manera! La Linterna M\u00e1gica es un cineclub para ni\u00f1os de 6 a 12 a\u00f1os.<\/span><\/p>\n<p style=\"text-align: center;\"><span style=\"color: #000000;\">Su\u00a0finalidad es hacer que los m\u00e1s j\u00f3venes descubran el placer incomparable que produce<\/span><br \/>\n<span style=\"color: #000000;\"> ver el cine&#8230; en el cine.<\/span><\/p>\n<p style=\"text-align: center;\"><span style=\"color: #000000;\"><strong>Una f\u00f3rmula m\u00e1gica<\/strong><\/span><\/p>\n<p style=\"text-align: center;\"><span style=\"color: #000000;\">Una vez al mes, todos los socios del club est\u00e1n invitados a descubrir en una aut\u00e9ntica<\/span><br \/>\n<span style=\"color: #000000;\"> sala de cine una buena pel\u00edcula adecuada a su edad. Sin sus padres, pero rodeados<\/span><br \/>\n<span style=\"color: #000000;\"> de adultos responsables. En estas funciones, descubren las grandes emociones<\/span><br \/>\n<span style=\"color: #000000;\"> cinematogr\u00e1ficas que son tambi\u00e9n las de la vida: la risa, el sue\u00f1o, algo de miedo<\/span><br \/>\n<span style=\"color: #000000;\"> y de tristeza tambi\u00e9n, pero s\u00f3lo lo justo. Todos ellos tienen entonces la inolvidable<\/span><br \/>\n<span style=\"color: #000000;\"> experiencia de compartir esos momentos privilegiados con otros compa\u00f1eros de su\u00a0edad.<\/span><\/p>\n<p style=\"text-align: center;\"><span style=\"color: #000000;\"><strong>Aprender a ver pel\u00edculas<\/strong><\/span><\/p>\n<p style=\"text-align: center;\"><span style=\"color: #000000;\">D\u00edas antes de cada sesi\u00f3n, todos los ni\u00f1os socios del club reciben en su casa una revista<\/span><br \/>\n<span style=\"color: #000000;\"> ilustrada que presenta la pel\u00edcula que se proyectara. Ya en el cine, son recibidos por<\/span><br \/>\n<span style=\"color: #000000;\"> dos personajes \u201cla Sabia\u201d y \u201cel Ingenuo\u201d quienes platican con ellos sobre la pel\u00edcula.<\/span><br \/>\n<span style=\"color: #000000;\"> Es decir que antes de la proyecci\u00f3n un peque\u00f1o y divertido espect\u00e1culo, diferente cada<\/span><br \/>\n<span style=\"color: #000000;\"> funci\u00f3n, los prepara tambi\u00e9n para el gran descubrimiento del cine. En La Linterna<\/span><br \/>\n<span style=\"color: #000000;\"> M\u00e1gica, a los ni\u00f1os se les considera como aut\u00e9nticos espectadores, exigentes y cr\u00edticos,<\/span><br \/>\n<span style=\"color: #000000;\"> y siempre susceptibles de dejarse deslumbrar.<\/span><\/p>\n<p style=\"text-align: center;\"><span style=\"color: #000000;\"><strong>La Linterna M\u00e1gica en M\u00e9xico D.F.<\/strong><\/span><\/p>\n<p style=\"text-align: center;\"><span style=\"color: #000000;\">La iniciativa que naci\u00f3 en Suiza hace 20 a\u00f1os, cuenta ya con 25.000 socios disfrutando<\/span><br \/>\n<span style=\"color: #000000;\"> de este club cinematogr\u00e1fico. Son ya muchos pa\u00edses: Suiza, Italia, Alemania, Rumania,<\/span><br \/>\n<span style=\"color: #000000;\"> Marruecos, Senegal, Francia, Espa\u00f1a, Argentina y ahora en la ciudad de M\u00e9xico, los<\/span><br \/>\n<span style=\"color: #000000;\"> que ofrecen La Linterna M\u00e1gica. Este club de cine \u00fanico en su g\u00e9nero es reconocido<\/span><br \/>\n<span style=\"color: #000000;\"> internacionalmente y citado frecuentemente por los especialistas de la educaci\u00f3n en la<\/span><br \/>\n<span style=\"color: #000000;\"> imagen y el cine.<\/span><\/p>\n<p style=\"text-align: center;\"><span style=\"color: #000000;\">En la ciudad de M\u00e9xico, este proyecto se lleva a cabo gracias a la colaboraci\u00f3n del<\/span><br \/>\n<span style=\"color: #000000;\"> Centro Cultural Universitario Tlatelolco, y Circo 2.12, Bur\u00f3 de Desarrollo Cultural.<\/span><\/p>\n<p style=\"text-align: center;\">\n<p style=\"text-align: center;\"><span style=\"color: #000000;\"><strong>Siguenos en:<\/strong><br \/>\nTwitter:\u00a0<a href=\"https:\/\/twitter.com\/LaLinternaMx\">@LaLinternaMx<\/a><\/span><br \/>\n<span style=\"color: #000000;\">Facebook:\u00a0<a href=\"https:\/\/www.facebook.com\/LinternaMagicaDF\">\/LinternaMagicaDF<\/a><\/span><\/p>\n<div style=\"text-align: center;\"><span style=\"color: #000000;\"><strong>\u00a0<\/strong><\/span><\/div>\n","protected":false},"excerpt":{"rendered":"<p>Ciclo 2015 \u00a0 \u00a0 \u00a0 PEL\u00cdCULAS PARA CRECER \u00a0 Descubrir el cine divirti\u00e9ndose \u00bfY si apag\u00e1ramos un rato la tele para ir al cine&#8230;? Pero, \u00a1ojo, no a ver cualquier cosa, ni de cualquier manera! La Linterna M\u00e1gica es un cineclub para ni\u00f1os de 6 a 12 a\u00f1os. Su\u00a0finalidad es hacer que los m\u00e1s j\u00f3venes [&hellip;]<\/p>\n","protected":false},"author":1,"featured_media":0,"parent":143,"menu_order":0,"comment_status":"open","ping_status":"open","template":"page-sidebar-right.php","meta":{"jetpack_post_was_ever_published":false,"footnotes":""},"class_list":["post-385","page","type-page","status-publish","hentry"],"aioseo_notices":[],"jetpack_sharing_enabled":true,"jetpack_shortlink":"https:\/\/wp.me\/P3e33F-6d","_links":{"self":[{"href":"https:\/\/circo212.org.mx\/circo2\/index.php?rest_route=\/wp\/v2\/pages\/385","targetHints":{"allow":["GET"]}}],"collection":[{"href":"https:\/\/circo212.org.mx\/circo2\/index.php?rest_route=\/wp\/v2\/pages"}],"about":[{"href":"https:\/\/circo212.org.mx\/circo2\/index.php?rest_route=\/wp\/v2\/types\/page"}],"author":[{"embeddable":true,"href":"https:\/\/circo212.org.mx\/circo2\/index.php?rest_route=\/wp\/v2\/users\/1"}],"replies":[{"embeddable":true,"href":"https:\/\/circo212.org.mx\/circo2\/index.php?rest_route=%2Fwp%2Fv2%2Fcomments&post=385"}],"version-history":[{"count":29,"href":"https:\/\/circo212.org.mx\/circo2\/index.php?rest_route=\/wp\/v2\/pages\/385\/revisions"}],"predecessor-version":[{"id":3561,"href":"https:\/\/circo212.org.mx\/circo2\/index.php?rest_route=\/wp\/v2\/pages\/385\/revisions\/3561"}],"up":[{"embeddable":true,"href":"https:\/\/circo212.org.mx\/circo2\/index.php?rest_route=\/wp\/v2\/pages\/143"}],"wp:attachment":[{"href":"https:\/\/circo212.org.mx\/circo2\/index.php?rest_route=%2Fwp%2Fv2%2Fmedia&parent=385"}],"curies":[{"name":"wp","href":"https:\/\/api.w.org\/{rel}","templated":true}]}}