{"id":618,"date":"2012-04-18T11:01:51","date_gmt":"2012-04-18T16:01:51","guid":{"rendered":"http:\/\/www.circo212.org.mx\/circo2\/?page_id=618"},"modified":"2015-06-19T19:36:41","modified_gmt":"2015-06-20T00:36:41","slug":"archivo-de-proyectos","status":"publish","type":"page","link":"https:\/\/circo212.org.mx\/circo2\/?page_id=618","title":{"rendered":"Archivo de proyectos"},"content":{"rendered":"<p>&nbsp;<\/p>\n<p><span style=\"color: #000000;\"><div class=\"trigger-button\"><span>Cine Jard\u00edn<\/span><\/div>\r\n        <div class=\"toggle-container2\"><\/span><\/p>\n<p><span style=\"color: #000000;\"><img loading=\"lazy\" decoding=\"async\" class=\"alignnone  wp-image-606\" src=\"http:\/\/www.circo212.org.mx\/circo2\/wp-content\/uploads\/2012\/04\/cinejardin.jpg\" alt=\"\" width=\"873\" height=\"135\" srcset=\"https:\/\/circo212.org.mx\/circo2\/wp-content\/uploads\/2012\/04\/cinejardin.jpg 970w, https:\/\/circo212.org.mx\/circo2\/wp-content\/uploads\/2012\/04\/cinejardin-300x46.jpg 300w\" sizes=\"auto, (max-width: 873px) 100vw, 873px\" \/><\/span><\/p>\n<p style=\"text-align: justify;\"><span style=\"color: #000000;\">La Colecci\u00f3n JUMEX en colaboraci\u00f3n con Circo 2.12, abre un nuevo espacio dedicado al cine en la Casa de Francia Cine Jard\u00edn, presentando el primer ciclo llamado Dislocaciones. Caminar, volar, conducir, embarcar, montar, destinar, mapear, navegar y otros modos de dislocaci\u00f3n a trav\u00e9s de las im\u00e1genes, surgen a partir de historias en las que todos buscan huir y al mismo tiempo reconciliar la tranquilidad en su vida. Cada uno de los personajes que atraviesan por las Dislocaciones de este ciclo de cine que presentamos, trata de interactuar con los otros en un nuevo orden de intensidad o quiz\u00e1 recuperarla. Algunos atraviesan enormes distancias para legitimar su vida. En otros, el desplazamiento, es la \u00fanica v\u00eda que les queda para no sentir que se pierden en la nada. \u00bfQui\u00e9n no ha tenido la fantas\u00eda de desprenderse de su vida cotidiana y conducirse de una manera totalmente distinta a la habitual? <\/div><!--END toggle-container2--> <\/span><\/p>\n<p style=\"text-align: justify;\"><span style=\"color: #000000;\"><div class=\"trigger-button\"><span>Sociedad del Cine Tlatelolco<\/span><\/div>\r\n        <div class=\"toggle-container2\"><\/span><\/p>\n<p style=\"text-align: justify;\"><span style=\"color: #000000;\"><img loading=\"lazy\" decoding=\"async\" class=\"alignnone wp-image-3503 \" src=\"http:\/\/www.circo212.org.mx\/circo2\/wp-content\/uploads\/2012\/04\/tlatelolco31.jpg\" alt=\"tlatelolco3\" width=\"873\" height=\"135\" srcset=\"https:\/\/circo212.org.mx\/circo2\/wp-content\/uploads\/2012\/04\/tlatelolco31.jpg 970w, https:\/\/circo212.org.mx\/circo2\/wp-content\/uploads\/2012\/04\/tlatelolco31-300x46.jpg 300w\" sizes=\"auto, (max-width: 873px) 100vw, 873px\" \/><\/span><\/p>\n<p style=\"text-align: justify;\"><span style=\"color: #000000;\">A partir de la existosa apertura de este espacio en junio de 2009, y manteniendo el firme compromiso con el cine y el\u00a0p\u00fablico,\u00a0 las actividades en la Sociedad del Cine Tlatelolco indagan desde las visiones autorales m\u00e1s sofisticadas contempor\u00e1neas, cine cl\u00e1sico de grandes autores y una revisi\u00f3n continua de los grandes cineastas nacionales a trav\u00e9s de los Mi\u00e9rcoles de Cine Mexicano.\u00a0<\/div><!--END toggle-container2--> <\/span><\/p>\n<p style=\"text-align: justify;\"><span style=\"color: #000000;\"><div class=\"trigger-button\"><span>Sprockets<\/span><\/div>\r\n        <div class=\"toggle-container2\"><\/span><\/p>\n<p style=\"text-align: justify;\"><span style=\"color: #000000;\"><a style=\"color: #000000;\" href=\"http:\/\/www.circo212.org.mx\/circo2\/wp-content\/uploads\/2012\/04\/sprockets-1.jpg\"><img loading=\"lazy\" decoding=\"async\" class=\"alignnone wp-image-602 \" src=\"http:\/\/www.circo212.org.mx\/circo2\/wp-content\/uploads\/2012\/04\/sprockets-1.jpg\" alt=\"sprockets-1\" width=\"873\" height=\"135\" srcset=\"https:\/\/circo212.org.mx\/circo2\/wp-content\/uploads\/2012\/04\/sprockets-1.jpg 970w, https:\/\/circo212.org.mx\/circo2\/wp-content\/uploads\/2012\/04\/sprockets-1-300x46.jpg 300w\" sizes=\"auto, (max-width: 873px) 100vw, 873px\" \/><\/a><\/span><\/p>\n<p style=\"text-align: justify;\"><span style=\"color: #000000;\">Lugar dedicado a ni\u00f1os y j\u00f3venes que integra, a trav\u00e9s del cine, distintas visiones del mundo con la creaci\u00f3n audiovisual, en un espacio de di\u00e1logo entre las historias, la imagen y el joven espectador.\u00a0\u00a0<\/div><!--END toggle-container2--> <\/span><\/p>\n<p style=\"text-align: justify;\"><span style=\"color: #000000;\"><div class=\"trigger-button\"><span>Cineclub Revoluci\u00f3n<\/span><\/div>\r\n        <div class=\"toggle-container2\"><\/span><\/p>\n<p style=\"text-align: justify;\"><span style=\"color: #000000;\"><img loading=\"lazy\" decoding=\"async\" class=\"alignnone wp-image-423 \" src=\"http:\/\/www.circo212.org.mx\/circo2\/wp-content\/uploads\/2012\/03\/cineclubrevolucion1.jpg\" alt=\"cineclubrevolucion\" width=\"873\" height=\"135\" srcset=\"https:\/\/circo212.org.mx\/circo2\/wp-content\/uploads\/2012\/03\/cineclubrevolucion1.jpg 970w, https:\/\/circo212.org.mx\/circo2\/wp-content\/uploads\/2012\/03\/cineclubrevolucion1-300x46.jpg 300w\" sizes=\"auto, (max-width: 873px) 100vw, 873px\" \/><\/span><\/p>\n<p style=\"text-align: justify;\"><span style=\"color: #000000;\">Espacio dedicado al goce y la reflexi\u00f3n f\u00edlmica mediante la exhibici\u00f3n de ciclos tem\u00e1ticos y de corte experimental, conformados en su mayor\u00eda por pel\u00edculas de autor y producciones recientes. Filmes que, al margen de su paso por los festivales, dif\u00edcilmente encuentran un lugar en las carteleras comerciales o de plano no han sido estrenados.\u00a0<\/div><!--END toggle-container2--> <\/span><\/p>\n<p style=\"text-align: justify;\"><span style=\"color: #000000;\"><div class=\"trigger-button\"><span>Aqu\u00ed se Filmo<\/span><\/div>\r\n        <div class=\"toggle-container2\"><\/span><\/p>\n<p style=\"text-align: justify;\"><span style=\"color: #000000;\"><img loading=\"lazy\" decoding=\"async\" class=\"alignleft wp-image-604\" src=\"http:\/\/www.circo212.org.mx\/circo2\/wp-content\/uploads\/2012\/04\/banneraquisefilmo1.jpg\" alt=\"\" width=\"873\" height=\"135\" srcset=\"https:\/\/circo212.org.mx\/circo2\/wp-content\/uploads\/2012\/04\/banneraquisefilmo1.jpg 970w, https:\/\/circo212.org.mx\/circo2\/wp-content\/uploads\/2012\/04\/banneraquisefilmo1-300x46.jpg 300w\" sizes=\"auto, (max-width: 873px) 100vw, 873px\" \/><\/span><\/p>\n<p style=\"text-align: justify;\">\n<p style=\"text-align: justify;\">\n<p style=\"text-align: justify;\">\n<p style=\"text-align: justify;\">\n<p style=\"text-align: justify;\"><span style=\"color: #000000;\">Nuestra ciudad ha sido un enorme set cinematogr\u00e1fico de todas las \u00e9pocas. Este proyecto lleva de vuelta a las locaciones, las pel\u00edculas que ah\u00ed se filmaron en funciones gratuitas al aire libre con la presencia de actores y directores. Nuestra propuesta aporta al rescate de memoria intangible, a trav\u00e9s de un mapa con la memoria f\u00edlmica de la Ciudad de M\u00e9xico. En 2011 Aqu\u00ed se film\u00f3 cruza la frontera de la Ciudad de M\u00e9xico para realizarse por vez primera en el estado de Guerrero con Aqu\u00ed se film\u00f3 en Acapulco.\u00a0<\/div><!--END toggle-container2--> <\/span><\/p>\n<p style=\"text-align: justify;\"><span style=\"color: #000000;\"><div class=\"trigger-button\"><span>Cinema Global<\/span><\/div>\r\n        <div class=\"toggle-container2\"><\/span><\/p>\n<p style=\"text-align: justify;\"><span style=\"color: #000000;\"><img loading=\"lazy\" decoding=\"async\" class=\"alignnone wp-image-425 \" src=\"http:\/\/www.circo212.org.mx\/circo2\/wp-content\/uploads\/2012\/03\/cinemaglobal1.jpg\" alt=\"cinemaglobal\" width=\"873\" height=\"135\" srcset=\"https:\/\/circo212.org.mx\/circo2\/wp-content\/uploads\/2012\/03\/cinemaglobal1.jpg 970w, https:\/\/circo212.org.mx\/circo2\/wp-content\/uploads\/2012\/03\/cinemaglobal1-300x46.jpg 300w\" sizes=\"auto, (max-width: 873px) 100vw, 873px\" \/><\/span><\/p>\n<p style=\"text-align: justify;\"><span style=\"color: #000000;\">CINEMA GLOBAL es un foro dedicado al cine del mundo, especialmente a aquellas propuestas independientes e innovadoras que dif\u00edcilmente se pueden ver en las salas comerciales. Cada a\u00f1o, dentro del Festival, Cinema Global propone una tem\u00e1tica diferente que ser\u00e1 el eje de su edici\u00f3n, realiza retrospectivas de directores y programa ciclos de pel\u00edculas.\u00a0<\/div><!--END toggle-container2--> <\/span><\/p>\n","protected":false},"excerpt":{"rendered":"<p>&nbsp;<\/p>\n","protected":false},"author":1,"featured_media":0,"parent":18,"menu_order":0,"comment_status":"open","ping_status":"open","template":"","meta":{"jetpack_post_was_ever_published":false,"footnotes":""},"class_list":["post-618","page","type-page","status-publish","hentry"],"aioseo_notices":[],"jetpack_sharing_enabled":true,"jetpack_shortlink":"https:\/\/wp.me\/P3e33F-9Y","_links":{"self":[{"href":"https:\/\/circo212.org.mx\/circo2\/index.php?rest_route=\/wp\/v2\/pages\/618","targetHints":{"allow":["GET"]}}],"collection":[{"href":"https:\/\/circo212.org.mx\/circo2\/index.php?rest_route=\/wp\/v2\/pages"}],"about":[{"href":"https:\/\/circo212.org.mx\/circo2\/index.php?rest_route=\/wp\/v2\/types\/page"}],"author":[{"embeddable":true,"href":"https:\/\/circo212.org.mx\/circo2\/index.php?rest_route=\/wp\/v2\/users\/1"}],"replies":[{"embeddable":true,"href":"https:\/\/circo212.org.mx\/circo2\/index.php?rest_route=%2Fwp%2Fv2%2Fcomments&post=618"}],"version-history":[{"count":7,"href":"https:\/\/circo212.org.mx\/circo2\/index.php?rest_route=\/wp\/v2\/pages\/618\/revisions"}],"predecessor-version":[{"id":3519,"href":"https:\/\/circo212.org.mx\/circo2\/index.php?rest_route=\/wp\/v2\/pages\/618\/revisions\/3519"}],"up":[{"embeddable":true,"href":"https:\/\/circo212.org.mx\/circo2\/index.php?rest_route=\/wp\/v2\/pages\/18"}],"wp:attachment":[{"href":"https:\/\/circo212.org.mx\/circo2\/index.php?rest_route=%2Fwp%2Fv2%2Fmedia&parent=618"}],"curies":[{"name":"wp","href":"https:\/\/api.w.org\/{rel}","templated":true}]}}