{"id":935,"date":"2012-10-17T12:02:10","date_gmt":"2012-10-17T17:02:10","guid":{"rendered":"http:\/\/www.circo212.org.mx\/circo2\/?page_id=935"},"modified":"2013-04-22T22:21:57","modified_gmt":"2013-04-23T03:21:57","slug":"taller-creacion-de-videoarte","status":"publish","type":"page","link":"https:\/\/circo212.org.mx\/circo2\/?page_id=935","title":{"rendered":"Taller Creaci\u00f3n de Videoarte"},"content":{"rendered":"<div class=\"one-half\">\n<p><img loading=\"lazy\" decoding=\"async\" title=\"RepasBlanc3\" alt=\"\" src=\"http:\/\/www.circo212.org.mx\/circo2\/wp-content\/uploads\/2012\/10\/RepasBlanc3.jpeg\" width=\"720\" height=\"480\" \/><\/p>\n<p style=\"text-align: justify;\"><\/div>\n<p style=\"text-align: justify;\"><strong>Presentaci\u00f3n:<\/strong><\/p>\n<p style=\"text-align: justify;\">Adem\u00e1s de un recorrido por todo el proceso creativo en la realizaci\u00f3n de una pieza de videoarte, desde su concepci\u00f3n hasta su finalizaci\u00f3n, se pretende dejar una base s\u00f3lida de la evoluci\u00f3n hist\u00f3rica de esta expresi\u00f3n art\u00edstica, as\u00ed como ciertas herramientas te\u00f3rico-cr\u00edticas pertinentes y relevantes. Este taller ofrece, adem\u00e1s, una asesor\u00eda personalizada, de acuerdo con las necesidades de cada uno de los participantes.<\/p>\n<p style=\"text-align: justify;\">El objetivo es crear piezas de videoarte, que puedan complementarse con otras disciplinas, que utilicen otras plataformas, o que su contraparte est\u00e9 inscrita o sustentada en otra disciplina art\u00edstica (Una pieza de video-danza, un video-poema, una propuesta para instalaci\u00f3n, etc.)<\/p>\n<p style=\"text-align: justify;\">Los resultados finales se exhibir\u00e1n como piezas multidisciplinarias, en el marco de la 4\u00aa edici\u00f3n de Distrital. Cine y Otros mundos.<\/p>\n<p style=\"text-align: justify;\"><strong>Calendario:<\/strong> del 17 de abril al 5 de junio del 2013<\/p>\n<p style=\"text-align: justify;\">D\u00edas: \u00a017 y 24 de abril<\/p>\n<p style=\"text-align: justify;\">8, 15, 22 y 29 de mayo<\/p>\n<p style=\"text-align: justify;\">5 de junio<\/p>\n<p style=\"text-align: justify;\">M\u00e1s una fecha por confirmar<\/p>\n<p><strong>Horario:<\/strong> Mi\u00e9rcoles de 18:00 &#8211; 20:00hrs<\/p>\n<p style=\"text-align: justify;\"><strong>Duraci\u00f3n:<\/strong> 16 horas, 8 sesiones de 2 horas<\/p>\n<p style=\"text-align: justify;\"><strong>Requisitos:<\/strong> Tener acceso a computadora con software de edici\u00f3n de video<\/p>\n<p style=\"text-align: justify;\"><strong>Imparte:<\/strong> Ricardo Nicolayevsky <a title=\"Ricardo Nicolayevsky (Semblanza)\" href=\"http:\/\/www.circo212.org.mx\/circo2\/?page_id=940\">(Conoce su semblanza AQU\u00cd)<\/a><\/p>\n<p style=\"text-align: justify;\"><strong>Costo: <\/strong>$3,900.00 pesos<\/p>\n<p style=\"text-align: justify;\"><strong><strong>*\u00a0<\/strong>Cupo limitado a 12 personas<\/strong><\/p>\n<p><strong>Para m\u00e1s informaci\u00f3n:<\/strong><\/p>\n<p>Tel.\u00a0<em>52 56 31 67<\/em><\/p>\n<p>Mail.\u00a0<a href=\"http:\/\/www.circo212.org.mx\/circo2\/info@circo212.org.mx\"><em>gaby@circo212.org.mx<\/em><\/a><\/p>\n<p>o si lo prefieres llena este formato<\/p>\n\n<div class=\"wpcf7 no-js\" id=\"wpcf7-f932-o1\" lang=\"\" dir=\"ltr\" data-wpcf7-id=\"932\">\n<div class=\"screen-reader-response\"><p role=\"status\" aria-live=\"polite\" aria-atomic=\"true\"><\/p> <ul><\/ul><\/div>\n<form action=\"\/circo2\/index.php?rest_route=%2Fwp%2Fv2%2Fpages%2F935#wpcf7-f932-o1\" method=\"post\" class=\"wpcf7-form init\" aria-label=\"Formulario de contacto\" novalidate=\"novalidate\" data-status=\"init\">\n<div style=\"display: none;\">\n<input type=\"hidden\" name=\"_wpcf7\" value=\"932\" \/>\n<input type=\"hidden\" name=\"_wpcf7_version\" value=\"6.0.6\" \/>\n<input type=\"hidden\" name=\"_wpcf7_locale\" value=\"\" \/>\n<input type=\"hidden\" name=\"_wpcf7_unit_tag\" value=\"wpcf7-f932-o1\" \/>\n<input type=\"hidden\" name=\"_wpcf7_container_post\" value=\"0\" \/>\n<input type=\"hidden\" name=\"_wpcf7_posted_data_hash\" value=\"\" \/>\n<\/div>\n<p>Tu nombre\n<\/p>\n<p><span class=\"wpcf7-form-control-wrap\" data-name=\"your-name\"><input size=\"40\" maxlength=\"400\" class=\"wpcf7-form-control wpcf7-text wpcf7-validates-as-required\" aria-required=\"true\" aria-invalid=\"false\" value=\"\" type=\"text\" name=\"your-name\" \/><\/span>\n<\/p>\n<p>Tu Email\n<\/p>\n<p><span class=\"wpcf7-form-control-wrap\" data-name=\"your-email\"><input size=\"40\" maxlength=\"400\" class=\"wpcf7-form-control wpcf7-email wpcf7-validates-as-required wpcf7-text wpcf7-validates-as-email\" aria-required=\"true\" aria-invalid=\"false\" value=\"\" type=\"email\" name=\"your-email\" \/><\/span>\n<\/p>\n<p>Asunto\n<\/p>\n<p><span class=\"wpcf7-form-control-wrap\" data-name=\"your-subject\"><input size=\"40\" maxlength=\"400\" class=\"wpcf7-form-control wpcf7-text\" aria-invalid=\"false\" value=\"\" type=\"text\" name=\"your-subject\" \/><\/span>\n<\/p>\n<p>Tu Mensaje\n<\/p>\n<p><span class=\"wpcf7-form-control-wrap\" data-name=\"your-message\"><textarea cols=\"40\" rows=\"10\" maxlength=\"2000\" class=\"wpcf7-form-control wpcf7-textarea\" aria-invalid=\"false\" name=\"your-message\"><\/textarea><\/span>\n<\/p>\n<p><input class=\"wpcf7-form-control wpcf7-submit has-spinner\" type=\"submit\" value=\"Enviar\" \/>\n<\/p><p style=\"display: none !important;\" class=\"akismet-fields-container\" data-prefix=\"_wpcf7_ak_\"><label>&#916;<textarea name=\"_wpcf7_ak_hp_textarea\" cols=\"45\" rows=\"8\" maxlength=\"100\"><\/textarea><\/label><input type=\"hidden\" id=\"ak_js_1\" name=\"_wpcf7_ak_js\" value=\"118\"\/><script>document.getElementById( \"ak_js_1\" ).setAttribute( \"value\", ( new Date() ).getTime() );<\/script><\/p><div class=\"wpcf7-response-output\" aria-hidden=\"true\"><\/div>\n<\/form>\n<\/div>\n\n<p style=\"text-align: justify;\">\n","protected":false},"excerpt":{"rendered":"<p>Presentaci\u00f3n: Adem\u00e1s de un recorrido por todo el proceso creativo en la realizaci\u00f3n de una pieza de videoarte, desde su concepci\u00f3n hasta su finalizaci\u00f3n, se pretende dejar una base s\u00f3lida de la evoluci\u00f3n hist\u00f3rica de esta expresi\u00f3n art\u00edstica, as\u00ed como ciertas herramientas te\u00f3rico-cr\u00edticas pertinentes y relevantes. Este taller ofrece, adem\u00e1s, una asesor\u00eda personalizada, de acuerdo [&hellip;]<\/p>\n","protected":false},"author":1,"featured_media":0,"parent":0,"menu_order":0,"comment_status":"open","ping_status":"open","template":"page-sidebar-right.php","meta":{"jetpack_post_was_ever_published":false,"footnotes":""},"class_list":["post-935","page","type-page","status-publish","hentry"],"aioseo_notices":[],"jetpack_sharing_enabled":true,"jetpack_shortlink":"https:\/\/wp.me\/P3e33F-f5","_links":{"self":[{"href":"https:\/\/circo212.org.mx\/circo2\/index.php?rest_route=\/wp\/v2\/pages\/935","targetHints":{"allow":["GET"]}}],"collection":[{"href":"https:\/\/circo212.org.mx\/circo2\/index.php?rest_route=\/wp\/v2\/pages"}],"about":[{"href":"https:\/\/circo212.org.mx\/circo2\/index.php?rest_route=\/wp\/v2\/types\/page"}],"author":[{"embeddable":true,"href":"https:\/\/circo212.org.mx\/circo2\/index.php?rest_route=\/wp\/v2\/users\/1"}],"replies":[{"embeddable":true,"href":"https:\/\/circo212.org.mx\/circo2\/index.php?rest_route=%2Fwp%2Fv2%2Fcomments&post=935"}],"version-history":[{"count":2,"href":"https:\/\/circo212.org.mx\/circo2\/index.php?rest_route=\/wp\/v2\/pages\/935\/revisions"}],"predecessor-version":[{"id":1283,"href":"https:\/\/circo212.org.mx\/circo2\/index.php?rest_route=\/wp\/v2\/pages\/935\/revisions\/1283"}],"wp:attachment":[{"href":"https:\/\/circo212.org.mx\/circo2\/index.php?rest_route=%2Fwp%2Fv2%2Fmedia&parent=935"}],"curies":[{"name":"wp","href":"https:\/\/api.w.org\/{rel}","templated":true}]}}