{"id":940,"date":"2012-10-17T12:37:32","date_gmt":"2012-10-17T17:37:32","guid":{"rendered":"http:\/\/www.circo212.org.mx\/circo2\/?page_id=940"},"modified":"2012-10-23T07:09:23","modified_gmt":"2012-10-23T12:09:23","slug":"ricardo-nicolayevsky-semblanza","status":"publish","type":"page","link":"https:\/\/circo212.org.mx\/circo2\/?page_id=940","title":{"rendered":"Ricardo Nicolayevsky (Semblanza)"},"content":{"rendered":"<p>Ricardo Nicolayevsky (SEMBLANZA)<\/p>\n<p>Nace en la Ciudad de M\u00e9xico. A los 20 a\u00f1os se traslada a Nueva York, para estudiar cine en New York University (NYU). En esa misma ciudad, toma clases de composici\u00f3n musical y musicolog\u00eda. Se presenta en dos ocasiones (1987 y 1988) en la Sala Weill del Carnegie Hall, estrenando composiciones propias para piano. Desde principios de los a\u00f1os 80 a la fecha, ha compuesto m\u00fasica para cortometrajes, obras de teatro y programas de radio. Adem\u00e1s, ha incursionado desde entonces en el performance y el cabaret. Su obra audiovisual (cine y video), incluye una vasta colecci\u00f3n de retratos en movimiento de artistas de varias generaciones y diferentes ciudades. \u00c9l mismo ha compuesto las bandas sonoras de tales trabajos. Su colecci\u00f3n de retratos f\u00edlmicos de los a\u00f1os 80, titulada \u201cLost Portraits\u201d ha sido galardonada varias veces. Ha presentado sus cortometrajes y videos (en m\u00e1s de 100 ocasiones) en universidades, galer\u00edas, museos y festivales, nacional e internacionalmente. En el 2003 recibe la beca del programa para arte en medios audiovisuales (Fundaciones Rockefeller y Ford). En 2006 el Museo de Arte Moderno de Nueva York (MoMA) lo invita a un \u201csolo show\u201d para presentar una selecci\u00f3n de sus retratos f\u00edlmicos y en video. En 2009, el Museo de Arte Moderno de la ciudad de M\u00e9xico ha inaugurado su video lounge de la Sala Fernando Gamboa con una exposici\u00f3n individual de autorretratos de Nicolayevsky. En la actualidad, reside en M\u00e9xico D.F., donde se dedica a su creaci\u00f3n art\u00edstica y a la docencia. Adem\u00e1s es escritor, a la fecha ha publicado un libro de su autor\u00eda (\u201c300 aforismos de Ricardo Nicolayevsky\u201d) y prepara la publicaci\u00f3n de otros 5 t\u00edtulos propios.<\/p>\n<div class=\"one-fourth\">\n<p><a href=\"http:\/\/www.circo212.org.mx\/circo2\/wp-content\/uploads\/2012\/10\/RicardoN.png\"><img loading=\"lazy\" decoding=\"async\" class=\"size-medium wp-image-941 aligncenter\" title=\"RicardoN\" src=\"http:\/\/www.circo212.org.mx\/circo2\/wp-content\/uploads\/2012\/10\/RicardoN-207x300.png\" alt=\"\" width=\"207\" height=\"300\" srcset=\"https:\/\/circo212.org.mx\/circo2\/wp-content\/uploads\/2012\/10\/RicardoN-207x300.png 207w, https:\/\/circo212.org.mx\/circo2\/wp-content\/uploads\/2012\/10\/RicardoN.png 497w\" sizes=\"auto, (max-width: 207px) 100vw, 207px\" \/><\/a><\/div>\n","protected":false},"excerpt":{"rendered":"<p>Ricardo Nicolayevsky (SEMBLANZA) Nace en la Ciudad de M\u00e9xico. A los 20 a\u00f1os se traslada a Nueva York, para estudiar cine en New York University (NYU). En esa misma ciudad, toma clases de composici\u00f3n musical y musicolog\u00eda. Se presenta en dos ocasiones (1987 y 1988) en la Sala Weill del Carnegie Hall, estrenando composiciones propias [&hellip;]<\/p>\n","protected":false},"author":1,"featured_media":0,"parent":0,"menu_order":0,"comment_status":"open","ping_status":"open","template":"page-sidebar-right.php","meta":{"jetpack_post_was_ever_published":false,"footnotes":""},"class_list":["post-940","page","type-page","status-publish","hentry"],"aioseo_notices":[],"jetpack_sharing_enabled":true,"jetpack_shortlink":"https:\/\/wp.me\/P3e33F-fa","_links":{"self":[{"href":"https:\/\/circo212.org.mx\/circo2\/index.php?rest_route=\/wp\/v2\/pages\/940","targetHints":{"allow":["GET"]}}],"collection":[{"href":"https:\/\/circo212.org.mx\/circo2\/index.php?rest_route=\/wp\/v2\/pages"}],"about":[{"href":"https:\/\/circo212.org.mx\/circo2\/index.php?rest_route=\/wp\/v2\/types\/page"}],"author":[{"embeddable":true,"href":"https:\/\/circo212.org.mx\/circo2\/index.php?rest_route=\/wp\/v2\/users\/1"}],"replies":[{"embeddable":true,"href":"https:\/\/circo212.org.mx\/circo2\/index.php?rest_route=%2Fwp%2Fv2%2Fcomments&post=940"}],"version-history":[{"count":1,"href":"https:\/\/circo212.org.mx\/circo2\/index.php?rest_route=\/wp\/v2\/pages\/940\/revisions"}],"predecessor-version":[{"id":943,"href":"https:\/\/circo212.org.mx\/circo2\/index.php?rest_route=\/wp\/v2\/pages\/940\/revisions\/943"}],"wp:attachment":[{"href":"https:\/\/circo212.org.mx\/circo2\/index.php?rest_route=%2Fwp%2Fv2%2Fmedia&parent=940"}],"curies":[{"name":"wp","href":"https:\/\/api.w.org\/{rel}","templated":true}]}}